{"id":1494,"date":"2022-01-12T14:24:48","date_gmt":"2022-01-12T13:24:48","guid":{"rendered":"https:\/\/www.st2trasporti.com\/dev\/?page_id=1494"},"modified":"2026-03-26T09:26:30","modified_gmt":"2026-03-26T08:26:30","slug":"entreprise","status":"publish","type":"page","link":"https:\/\/www.st2trasporti.com\/fr\/entreprise\/","title":{"rendered":"ENTREPRISE"},"content":{"rendered":"<section class=\"l-section wpb_row height_medium\"><div class=\"l-section-h i-cf\"><div class=\"g-cols vc_row via_grid cols_1 laptops-cols_inherit tablets-cols_inherit mobiles-cols_1 valign_top type_default stacking_default\"><div class=\"wpb_column vc_column_container\"><div class=\"vc_column-inner\"><h1 class=\"w-post-elm post_title align_center entry-title color_link_inherit\">ENTREPRISE<\/h1><\/div><\/div><\/div><\/div><\/section><section class=\"l-section wpb_row us_custom_0e1e04c8 height_huge\"><div class=\"l-section-h i-cf\"><div class=\"g-cols vc_row via_grid cols_2 laptops-cols_2 tablets-cols_1 mobiles-cols_1 valign_top type_default stacking_default\" style=\"grid-gap:0rem;\"><div class=\"wpb_column vc_column_container us_custom_9b0eea24 has_bg_color\"><div class=\"vc_column-inner\"><h3 class=\"w-text\"><span url class=\"w-text-h\"><span class=\"w-text-value\">Services d&rsquo;excellence<\/span><\/span><\/h3><div class=\"wpb_text_column\"><div class=\"wpb_wrapper\"><p>ST2 S.r.l. est une entreprise\u00a0<strong>de transport et d&rsquo;exp\u00e9dition<\/strong>\u00a0cr\u00e9\u00e9e en 2006 suite \u00e0 la reprise de la succursale turinoise de Sutes&amp; S.p.A. Depuis sa cr\u00e9ation, ST2 s.r.l. ne cesse de se d\u00e9velopper, en tirant sa force de l&rsquo;expertise et technicit\u00e9 de ses \u00e9quipes, de moyens de transport et de infrastructures utilis\u00e9s. Nous ne recherchons que de l&rsquo;excellence dans nos services.<\/p>\n<\/div><\/div><div class=\"w-separator size_small\"><\/div><div class=\"w-btn-wrapper align_none\"><a class=\"w-btn us-btn-style_1 icon_atright\" href=\"https:\/\/www.st2trasporti.com\/wp-content\/uploads\/2026\/03\/Politica-per-la-qualita.pdf\"><span class=\"w-btn-label\">Consultez notre politique qualit\u00e9<\/span><i class=\"fas fa-file-pdf\"><\/i><\/a><\/div><\/div><\/div><div class=\"wpb_column vc_column_container us_custom_b1ad32b0 has_bg_color\"><div class=\"vc_column-inner\"><div class=\"w-separator us_custom_4bcdd2df size_medium\"><\/div><\/div><\/div><\/div><\/div><\/section><section class=\"l-section wpb_row us_custom_134680ce height_huge\"><div class=\"l-section-h i-cf\"><div class=\"g-cols vc_row via_grid cols_3 laptops-cols_inherit tablets-cols_2 mobiles-cols_1 valign_top type_default stacking_default\" style=\"grid-gap:2vw;\"><div class=\"wpb_column vc_column_container us_custom_c8711e26\"><div class=\"vc_column-inner\"><h3 class=\"w-text\"><span url class=\"w-text-h\"><span class=\"w-text-value\">Des services comp\u00e9titifs et rentables<\/span><\/span><\/h3><div class=\"wpb_text_column\"><div class=\"wpb_wrapper\"><p class=\"gt-block\">Pour r\u00e9pondre aux besoins de nos clients, nous mettons \u00e0 leur disposition\u00a0<strong>des services rentables et de qualit\u00e9.<\/strong>\u00a0Nous vous apportons nos solutions toujours avec engagement et professionnalit\u00e9.<\/p>\n<p class=\"gt-block\">Notre entreprise est inscrite au registre des transporteurs n.<strong>TO\/0077835\/<\/strong>Set la Liste interprovinciale des transitaires agr\u00e9\u00e9s-CCIAA de Turin n.\u00a0<strong>474<\/strong>.<\/p>\n<\/div><\/div><\/div><\/div><div class=\"wpb_column vc_column_container us_custom_5b022935 hide_on_tablets hide_on_mobiles\"><div class=\"vc_column-inner\"><div class=\"w-image us_custom_8a6e2cbe align_none\"><div url class=\"w-image-h\"><img loading=\"lazy\" decoding=\"async\" width=\"800\" height=\"800\" src=\"https:\/\/www.st2trasporti.com\/wp-content\/uploads\/2022\/03\/fbdfrhd-800x800.jpg\" class=\"attachment-us_800_800_crop size-us_800_800_crop\" alt=\"\" srcset=\"https:\/\/www.st2trasporti.com\/wp-content\/uploads\/2022\/03\/fbdfrhd-800x800.jpg 800w, https:\/\/www.st2trasporti.com\/wp-content\/uploads\/2022\/03\/fbdfrhd-150x150.jpg 150w, https:\/\/www.st2trasporti.com\/wp-content\/uploads\/2022\/03\/fbdfrhd-1200x1200.jpg 1200w\" sizes=\"auto, (max-width: 800px) 100vw, 800px\" \/><\/div><\/div><\/div><\/div><div class=\"wpb_column vc_column_container\"><div class=\"vc_column-inner\"><div class=\"w-image align_none\"><div url class=\"w-image-h\"><img loading=\"lazy\" decoding=\"async\" width=\"800\" height=\"800\" src=\"https:\/\/www.st2trasporti.com\/wp-content\/uploads\/2022\/03\/113-scaled-1-800x800.jpg\" class=\"attachment-us_800_800_crop size-us_800_800_crop\" alt=\"\" srcset=\"https:\/\/www.st2trasporti.com\/wp-content\/uploads\/2022\/03\/113-scaled-1-800x800.jpg 800w, https:\/\/www.st2trasporti.com\/wp-content\/uploads\/2022\/03\/113-scaled-1-150x150.jpg 150w, https:\/\/www.st2trasporti.com\/wp-content\/uploads\/2022\/03\/113-scaled-1-1200x1200.jpg 1200w\" sizes=\"auto, (max-width: 800px) 100vw, 800px\" \/><\/div><\/div><\/div><\/div><\/div><\/div><\/section><section class=\"l-section wpb_row height_huge\"><div class=\"l-section-h i-cf\"><div class=\"g-cols vc_row via_grid cols_2 laptops-cols_inherit tablets-cols_1 mobiles-cols_1 valign_top type_default stacking_default\" style=\"grid-gap:0rem;\"><div class=\"wpb_column vc_column_container\"><div class=\"vc_column-inner\"><div class=\"w-image align_none\"><div url class=\"w-image-h\"><img loading=\"lazy\" decoding=\"async\" width=\"400\" height=\"400\" src=\"https:\/\/www.st2trasporti.com\/wp-content\/uploads\/2026\/03\/DNVL-Chemigas-2022.png\" class=\"attachment-large size-large\" alt=\"\" srcset=\"https:\/\/www.st2trasporti.com\/wp-content\/uploads\/2026\/03\/DNVL-Chemigas-2022.png 400w, https:\/\/www.st2trasporti.com\/wp-content\/uploads\/2026\/03\/DNVL-Chemigas-2022-300x300.png 300w, https:\/\/www.st2trasporti.com\/wp-content\/uploads\/2026\/03\/DNVL-Chemigas-2022-150x150.png 150w\" sizes=\"auto, (max-width: 400px) 100vw, 400px\" \/><\/div><\/div><\/div><\/div><div class=\"wpb_column vc_column_container us_custom_c70c97eb has_bg_color\"><div class=\"vc_column-inner\"><h3 class=\"w-text\"><span url class=\"w-text-h\"><span class=\"w-text-value\">Certifications<\/span><\/span><\/h3><div class=\"wpb_text_column\"><div class=\"wpb_wrapper\"><p>La recherche de la qualit\u00e9 pour la satisfaction du client constitue le socle de notre entreprise. Aujourd\u2019hui, nous r\u00e9affirmons ces valeurs en employant exclusivement\u00a0<strong>les meilleurs \u00e9quipements et les moyens les plus appropri\u00e9s.<\/strong><\/p>\n<\/div><\/div><div class=\"w-separator size_small\"><\/div><div class=\"w-btn-wrapper align_none\"><a class=\"w-btn us-btn-style_1\" href=\"https:\/\/www.st2trasporti.com\/fr\/certifications-et-qualite\/\"><span class=\"w-btn-label\">D\u00e9couvrez les certifications<\/span><\/a><\/div><\/div><\/div><\/div><\/div><\/section><section class=\"l-section wpb_row height_auto width_full\"><div class=\"l-section-h i-cf\"><div class=\"g-cols vc_row via_grid cols_1 laptops-cols_inherit tablets-cols_inherit mobiles-cols_1 valign_middle type_default stacking_default\"><div class=\"wpb_column vc_column_container\"><div class=\"vc_column-inner\"><div class=\"w-grid type_grid layout_927 cols_5\" id=\"us_grid_1\" style=\"--gap:2px;\" data-filterable=\"true\"><style>@media (max-width:1280px){#us_grid_1 .w-grid-item{width:33.3333%}}@media (max-width:1024px){#us_grid_1 .w-grid-item{width:50%}}@media (max-width:600px){#us_grid_1 .w-grid-list{margin:0}#us_grid_1 .w-grid-item{width:100%;padding:0;margin-bottom:var(--gap,0px)}}.layout_927 .w-grid-item-h{}<\/style><div class=\"w-grid-list\">\t<article class=\"w-grid-item post-1899 attachment type-attachment status-inherit hentry\" data-id=\"1899\">\r\n\t\t<div class=\"w-grid-item-h\">\r\n\t\t\t\t\t\t<div class=\"w-post-elm post_image usg_post_image_1 stretched\"><img loading=\"lazy\" decoding=\"async\" width=\"600\" height=\"400\" src=\"https:\/\/www.st2trasporti.com\/wp-content\/uploads\/2023\/05\/ST2-image-600x400.jpeg\" class=\"attachment-us_600_400_crop size-us_600_400_crop\" alt=\"\" \/><\/div>\t\t<\/div>\r\n\t<\/article>\r\n\t<article class=\"w-grid-item post-1896 attachment type-attachment status-inherit hentry\" data-id=\"1896\">\r\n\t\t<div class=\"w-grid-item-h\">\r\n\t\t\t\t\t\t<div class=\"w-post-elm post_image usg_post_image_1 stretched\"><img loading=\"lazy\" decoding=\"async\" width=\"600\" height=\"400\" src=\"https:\/\/www.st2trasporti.com\/wp-content\/uploads\/2023\/05\/ST2-image3-600x400.jpeg\" class=\"attachment-us_600_400_crop size-us_600_400_crop\" alt=\"\" \/><\/div>\t\t<\/div>\r\n\t<\/article>\r\n\t<article class=\"w-grid-item post-1893 attachment type-attachment status-inherit hentry\" data-id=\"1893\">\r\n\t\t<div class=\"w-grid-item-h\">\r\n\t\t\t\t\t\t<div class=\"w-post-elm post_image usg_post_image_1 stretched\"><img loading=\"lazy\" decoding=\"async\" width=\"600\" height=\"400\" src=\"https:\/\/www.st2trasporti.com\/wp-content\/uploads\/2023\/05\/ST2-image1-600x400.jpeg\" class=\"attachment-us_600_400_crop size-us_600_400_crop\" alt=\"\" \/><\/div>\t\t<\/div>\r\n\t<\/article>\r\n\t<article class=\"w-grid-item post-1179 attachment type-attachment status-inherit hentry\" data-id=\"1179\">\r\n\t\t<div class=\"w-grid-item-h\">\r\n\t\t\t\t\t\t<div class=\"w-post-elm post_image usg_post_image_1 stretched\"><img loading=\"lazy\" decoding=\"async\" width=\"600\" height=\"400\" src=\"https:\/\/www.st2trasporti.com\/wp-content\/uploads\/2022\/05\/IMG_1447-600x400.jpg\" class=\"attachment-us_600_400_crop size-us_600_400_crop\" alt=\"\" \/><\/div>\t\t<\/div>\r\n\t<\/article>\r\n\t<article class=\"w-grid-item post-1177 attachment type-attachment status-inherit hentry\" data-id=\"1177\">\r\n\t\t<div class=\"w-grid-item-h\">\r\n\t\t\t\t\t\t<div class=\"w-post-elm post_image usg_post_image_1 stretched\"><img loading=\"lazy\" decoding=\"async\" width=\"600\" height=\"400\" src=\"https:\/\/www.st2trasporti.com\/wp-content\/uploads\/2022\/05\/15_tot-scaled-1-600x400.jpg\" class=\"attachment-us_600_400_crop size-us_600_400_crop\" alt=\"\" srcset=\"https:\/\/www.st2trasporti.com\/wp-content\/uploads\/2022\/05\/15_tot-scaled-1-600x400.jpg 600w, https:\/\/www.st2trasporti.com\/wp-content\/uploads\/2022\/05\/15_tot-scaled-1-300x199.jpg 300w\" sizes=\"auto, (max-width: 600px) 100vw, 600px\" \/><\/div>\t\t<\/div>\r\n\t<\/article>\r\n\t<article class=\"w-grid-item post-1175 attachment type-attachment status-inherit hentry\" data-id=\"1175\">\r\n\t\t<div class=\"w-grid-item-h\">\r\n\t\t\t\t\t\t<div class=\"w-post-elm post_image usg_post_image_1 stretched\"><img loading=\"lazy\" decoding=\"async\" width=\"600\" height=\"400\" src=\"https:\/\/www.st2trasporti.com\/wp-content\/uploads\/2022\/05\/82-scaled-1-600x400.jpg\" class=\"attachment-us_600_400_crop size-us_600_400_crop\" alt=\"\" srcset=\"https:\/\/www.st2trasporti.com\/wp-content\/uploads\/2022\/05\/82-scaled-1-600x400.jpg 600w, https:\/\/www.st2trasporti.com\/wp-content\/uploads\/2022\/05\/82-scaled-1-300x199.jpg 300w\" sizes=\"auto, (max-width: 600px) 100vw, 600px\" \/><\/div>\t\t<\/div>\r\n\t<\/article>\r\n\t<article class=\"w-grid-item post-1173 attachment type-attachment status-inherit hentry\" data-id=\"1173\">\r\n\t\t<div class=\"w-grid-item-h\">\r\n\t\t\t\t\t\t<div class=\"w-post-elm post_image usg_post_image_1 stretched\"><img loading=\"lazy\" decoding=\"async\" width=\"600\" height=\"400\" src=\"https:\/\/www.st2trasporti.com\/wp-content\/uploads\/2022\/05\/120-scaled-1-600x400.jpg\" class=\"attachment-us_600_400_crop size-us_600_400_crop\" alt=\"\" srcset=\"https:\/\/www.st2trasporti.com\/wp-content\/uploads\/2022\/05\/120-scaled-1-600x400.jpg 600w, https:\/\/www.st2trasporti.com\/wp-content\/uploads\/2022\/05\/120-scaled-1-300x199.jpg 300w\" sizes=\"auto, (max-width: 600px) 100vw, 600px\" \/><\/div>\t\t<\/div>\r\n\t<\/article>\r\n\t<article class=\"w-grid-item post-1171 attachment type-attachment status-inherit hentry\" data-id=\"1171\">\r\n\t\t<div class=\"w-grid-item-h\">\r\n\t\t\t\t\t\t<div class=\"w-post-elm post_image usg_post_image_1 stretched\"><img loading=\"lazy\" decoding=\"async\" width=\"600\" height=\"400\" src=\"https:\/\/www.st2trasporti.com\/wp-content\/uploads\/2022\/05\/35-scaled-1-600x400.jpg\" class=\"attachment-us_600_400_crop size-us_600_400_crop\" alt=\"\" srcset=\"https:\/\/www.st2trasporti.com\/wp-content\/uploads\/2022\/05\/35-scaled-1-600x400.jpg 600w, https:\/\/www.st2trasporti.com\/wp-content\/uploads\/2022\/05\/35-scaled-1-300x199.jpg 300w\" sizes=\"auto, (max-width: 600px) 100vw, 600px\" \/><\/div>\t\t<\/div>\r\n\t<\/article>\r\n\t<article class=\"w-grid-item post-1081 attachment type-attachment status-inherit hentry\" data-id=\"1081\">\r\n\t\t<div class=\"w-grid-item-h\">\r\n\t\t\t\t\t\t<div class=\"w-post-elm post_image usg_post_image_1 stretched\"><img loading=\"lazy\" decoding=\"async\" width=\"600\" height=\"400\" src=\"https:\/\/www.st2trasporti.com\/wp-content\/uploads\/2022\/03\/113-scaled-1-600x400.jpg\" class=\"attachment-us_600_400_crop size-us_600_400_crop\" alt=\"\" srcset=\"https:\/\/www.st2trasporti.com\/wp-content\/uploads\/2022\/03\/113-scaled-1-600x400.jpg 600w, https:\/\/www.st2trasporti.com\/wp-content\/uploads\/2022\/03\/113-scaled-1-300x199.jpg 300w\" sizes=\"auto, (max-width: 600px) 100vw, 600px\" \/><\/div>\t\t<\/div>\r\n\t<\/article>\r\n\t<article class=\"w-grid-item post-1075 attachment type-attachment status-inherit hentry\" data-id=\"1075\">\r\n\t\t<div class=\"w-grid-item-h\">\r\n\t\t\t\t\t\t<div class=\"w-post-elm post_image usg_post_image_1 stretched\"><img loading=\"lazy\" decoding=\"async\" width=\"600\" height=\"400\" src=\"https:\/\/www.st2trasporti.com\/wp-content\/uploads\/2022\/03\/IMG_1448-600x400.jpg\" class=\"attachment-us_600_400_crop size-us_600_400_crop\" alt=\"\" \/><\/div>\t\t<\/div>\r\n\t<\/article>\r\n<\/div><div class=\"w-grid-preloader\"><div class=\"g-preloader type_1\">\r\n\t<div><\/div>\r\n<\/div>\r\n<\/div>\t<div class=\"w-grid-json hidden\" onclick='return {&quot;action&quot;:&quot;us_ajax_grid&quot;,&quot;ajax_url&quot;:&quot;https:\\\/\\\/www.st2trasporti.com\\\/wp-admin\\\/admin-ajax.php&quot;,&quot;infinite_scroll&quot;:0,&quot;max_num_pages&quot;:1,&quot;pagination&quot;:&quot;none&quot;,&quot;permalink_url&quot;:&quot;https:\\\/\\\/www.st2trasporti.com\\\/fr\\\/wp-json\\\/wp\\\/v2\\\/pages\\\/1494\\\/&quot;,&quot;template_vars&quot;:{&quot;columns&quot;:&quot;5&quot;,&quot;exclude_items&quot;:&quot;none&quot;,&quot;img_size&quot;:&quot;default&quot;,&quot;ignore_items_size&quot;:0,&quot;items_layout&quot;:&quot;927&quot;,&quot;items_offset&quot;:&quot;1&quot;,&quot;load_animation&quot;:&quot;none&quot;,&quot;overriding_link&quot;:&quot;{\\&quot;url\\&quot;:\\&quot;\\&quot;}&quot;,&quot;post_id&quot;:0,&quot;query_args&quot;:{&quot;post_type&quot;:[&quot;attachment&quot;],&quot;post__in&quot;:[&quot;483&quot;,&quot;486&quot;,&quot;922&quot;,&quot;923&quot;,&quot;924&quot;,&quot;925&quot;,&quot;929&quot;,&quot;1898&quot;,&quot;1901&quot;,&quot;1895&quot;],&quot;post_status&quot;:&quot;inherit&quot;,&quot;post_mime_type&quot;:&quot;image&quot;,&quot;posts_per_page&quot;:&quot;10&quot;},&quot;orderby_query_args&quot;:{&quot;orderby&quot;:{&quot;date&quot;:&quot;DESC&quot;}},&quot;type&quot;:&quot;grid&quot;,&quot;us_grid_ajax_index&quot;:1,&quot;us_grid_filter_params&quot;:null,&quot;us_grid_index&quot;:1,&quot;_us_grid_post_type&quot;:&quot;attachment&quot;,&quot;page_args&quot;:[],&quot;lang&quot;:&quot;fr&quot;}}'><\/div>\r\n\t<\/div><\/div><\/div><\/div><\/div><\/section><section class=\"l-section wpb_row height_auto width_full\"><div class=\"l-section-h i-cf\"><div class=\"g-cols vc_row via_grid cols_1 laptops-cols_inherit tablets-cols_inherit mobiles-cols_1 valign_middle type_default stacking_default\" style=\"grid-gap:0;\"><div class=\"wpb_column vc_column_container\"><div class=\"vc_column-inner\"><div class=\"w-actionbox color_primary controls_right\"><div class=\"w-actionbox-text\"><h2 class=\"w-actionbox-title\">Besoin de plus info? <\/h2><div class=\"w-actionbox-description\"><p>n&rsquo;h\u00e9sitez pas \u00e0 nous appeler:<\/p>\n<\/div><\/div><div class=\"w-actionbox-controls\"><a class=\"w-btn us-btn-style_3 icon_atleft\" href=\"tel:+390113974811\"><i class=\"fas fa-phone\"><\/i><span class=\"w-btn-label\">+39 011 3974811<\/span><\/a><\/div><\/div><\/div><\/div><\/div><\/div><\/section>\n","protected":false},"excerpt":{"rendered":"","protected":false},"author":7,"featured_media":0,"parent":0,"menu_order":0,"comment_status":"closed","ping_status":"closed","template":"","meta":{"footnotes":""},"class_list":["post-1494","page","type-page","status-publish","hentry"],"_links":{"self":[{"href":"https:\/\/www.st2trasporti.com\/fr\/wp-json\/wp\/v2\/pages\/1494","targetHints":{"allow":["GET"]}}],"collection":[{"href":"https:\/\/www.st2trasporti.com\/fr\/wp-json\/wp\/v2\/pages"}],"about":[{"href":"https:\/\/www.st2trasporti.com\/fr\/wp-json\/wp\/v2\/types\/page"}],"author":[{"embeddable":true,"href":"https:\/\/www.st2trasporti.com\/fr\/wp-json\/wp\/v2\/users\/7"}],"replies":[{"embeddable":true,"href":"https:\/\/www.st2trasporti.com\/fr\/wp-json\/wp\/v2\/comments?post=1494"}],"version-history":[{"count":13,"href":"https:\/\/www.st2trasporti.com\/fr\/wp-json\/wp\/v2\/pages\/1494\/revisions"}],"predecessor-version":[{"id":2155,"href":"https:\/\/www.st2trasporti.com\/fr\/wp-json\/wp\/v2\/pages\/1494\/revisions\/2155"}],"wp:attachment":[{"href":"https:\/\/www.st2trasporti.com\/fr\/wp-json\/wp\/v2\/media?parent=1494"}],"curies":[{"name":"wp","href":"https:\/\/api.w.org\/{rel}","templated":true}]}}