{"id":1499,"date":"2022-04-11T20:47:42","date_gmt":"2022-04-11T18:47:42","guid":{"rendered":"https:\/\/www.st2trasporti.com\/dev\/?page_id=1499"},"modified":"2026-03-26T09:34:28","modified_gmt":"2026-03-26T08:34:28","slug":"certifications-et-qualite","status":"publish","type":"page","link":"https:\/\/www.st2trasporti.com\/fr\/certifications-et-qualite\/","title":{"rendered":"CERTIFICATIONS ET QUALIT\u00c9"},"content":{"rendered":"<section class=\"l-section wpb_row height_medium\"><div class=\"l-section-h i-cf\"><div class=\"g-cols vc_row via_grid cols_1 laptops-cols_inherit tablets-cols_inherit mobiles-cols_1 valign_top type_default stacking_default\"><div class=\"wpb_column vc_column_container\"><div class=\"vc_column-inner\"><h1 class=\"w-post-elm post_title align_center entry-title color_link_inherit\">CERTIFICATIONS ET QUALIT\u00c9<\/h1><\/div><\/div><\/div><\/div><\/section><section class=\"l-section wpb_row us_custom_0e1e04c8 height_huge\"><div class=\"l-section-h i-cf\"><div class=\"g-cols vc_row via_grid cols_2 laptops-cols_2 tablets-cols_1 mobiles-cols_1 valign_middle type_default stacking_default\" style=\"grid-gap:0rem;\"><div class=\"wpb_column vc_column_container us_custom_d0c8dcee has_bg_color\"><div class=\"vc_column-inner\"><h3 class=\"w-text\"><span url class=\"w-text-h\"><span class=\"w-text-value\">NOTRE MISSION: LA QUALIT\u00c9 ET LA SATISFACTION DU CLIENT<\/span><\/span><\/h3><div class=\"wpb_text_column\"><div class=\"wpb_wrapper\"><h5 class=\"kc_title\">N\u00b0 de certificat \/ Certificate No. CERT-15776-2005-AQ-TRI-SINCERT<\/h5>\n<p class=\"gt-block\">La recherche de la qualit\u00e9 pour la satisfaction du client constitue le socle de notre entreprise. Aujourd\u2019hui, nous r\u00e9affirmons ces valeurs en employant exclusivement\u00a0<strong>les meilleurs \u00e9quipements et les moyens les plus appropri\u00e9s.<\/strong><\/p>\n<p class=\"gt-block\">Nous nous engageons \u00e0 d\u00e9velopper un syst\u00e8me d&rsquo;entreprise garantissant la qualit\u00e9 et conforme aux principales normes nationales et internationales, notamment\u00a0<strong>UNI EN ISO 9001:2015<\/strong>, dans le but d&rsquo;atteindre les objectifs suivants:<\/p>\n<\/div><\/div><\/div><\/div><div class=\"wpb_column vc_column_container us_custom_ac5b3e88\"><div class=\"vc_column-inner\"><div class=\"w-image align_none\"><div url class=\"w-image-h\"><img loading=\"lazy\" decoding=\"async\" width=\"400\" height=\"400\" src=\"https:\/\/www.st2trasporti.com\/wp-content\/uploads\/2026\/03\/DNVL-Chemigas-2022.png\" class=\"attachment-large size-large\" alt=\"\" srcset=\"https:\/\/www.st2trasporti.com\/wp-content\/uploads\/2026\/03\/DNVL-Chemigas-2022.png 400w, https:\/\/www.st2trasporti.com\/wp-content\/uploads\/2026\/03\/DNVL-Chemigas-2022-300x300.png 300w, https:\/\/www.st2trasporti.com\/wp-content\/uploads\/2026\/03\/DNVL-Chemigas-2022-150x150.png 150w\" sizes=\"auto, (max-width: 400px) 100vw, 400px\" \/><\/div><\/div><\/div><\/div><\/div><\/div><\/section><section class=\"l-section wpb_row hide_on_tablets hide_on_mobiles height_auto\"><div class=\"l-section-h i-cf\"><div class=\"g-cols vc_row via_grid cols_1 laptops-cols_inherit tablets-cols_inherit mobiles-cols_1 valign_top type_default stacking_default\"><div class=\"wpb_column vc_column_container\"><div class=\"vc_column-inner\"><div class=\"g-cols wpb_row via_grid cols_3 laptops-cols_inherit tablets-cols_inherit mobiles-cols_1 valign_top type_default stacking_default\"><div class=\"wpb_column vc_column_container\"><div class=\"vc_column-inner\"><div class=\"w-iconbox iconpos_top style_default color_primary align_center\"><div class=\"w-iconbox-icon\" style=\"font-size:25px;\"><i class=\"fas fa-user\"><\/i><\/div><div class=\"w-iconbox-meta\"><h4 class=\"w-iconbox-title\">Services d&rsquo;excellence<\/h4><div class=\"w-iconbox-text\"><p style=\"text-align: center;\">Fournir aux clients des services de qualit\u00e9, voire sup\u00e9rieure, \u00e0 celle attendue.<\/p>\n<\/div><\/div><\/div><\/div><\/div><div class=\"wpb_column vc_column_container\"><div class=\"vc_column-inner\"><div class=\"w-iconbox iconpos_top style_default color_primary align_center\"><div class=\"w-iconbox-icon\" style=\"font-size:25px;\"><i class=\"fas fa-address-card\"><\/i><\/div><div class=\"w-iconbox-meta\"><h4 class=\"w-iconbox-title\">Personnel qualifi\u00e9<\/h4><div class=\"w-iconbox-text\"><p style=\"text-align: center;\">Ne s\u00e9lectionner que du personnel techniquement qualifi\u00e9 et comp\u00e9tent, dot\u00e9 de qualit\u00e9s relationnelles, motiv\u00e9 pour poursuivre la mission de ST2.<\/p>\n<\/div><\/div><\/div><\/div><\/div><div class=\"wpb_column vc_column_container\"><div class=\"vc_column-inner\"><div class=\"w-iconbox iconpos_top style_default color_primary align_center\"><div class=\"w-iconbox-icon\" style=\"font-size:25px;\"><i class=\"fas fa-paper-plane\"><\/i><\/div><div class=\"w-iconbox-meta\"><h4 class=\"w-iconbox-title\">Savoir-faire sectioriel<\/h4><div class=\"w-iconbox-text\"><p style=\"text-align: center;\">Offrir des services adapt\u00e9s aux besoins des clients gr\u00e2ce \u00e0 notre savoir-faire du secteur et \u00e0 la relation de confiance \u00e9tablie avec eux.<\/p>\n<\/div><\/div><\/div><\/div><\/div><\/div><div class=\"w-separator us_custom_4bcdd2df size_medium\"><\/div><div class=\"g-cols wpb_row via_grid cols_3 laptops-cols_inherit tablets-cols_inherit mobiles-cols_1 valign_top type_default stacking_default\"><div class=\"wpb_column vc_column_container\"><div class=\"vc_column-inner\"><div class=\"w-iconbox iconpos_top style_default color_primary align_center\"><div class=\"w-iconbox-icon\" style=\"font-size:25px;\"><i class=\"fas fa-badge-check\"><\/i><\/div><div class=\"w-iconbox-meta\"><h4 class=\"w-iconbox-title\">Solutions rentables<\/h4><div class=\"w-iconbox-text\"><p style=\"text-align: center;\">Proposer des solutions rentables en s&rsquo;appuyant sur la recherche des synergies entre les flux logistiques des clients et des fournisseurs. Cela n&rsquo;est possible que gr\u00e2ce \u00e0 notre exp\u00e9rience dans le secteur.<\/p>\n<\/div><\/div><\/div><\/div><\/div><div class=\"wpb_column vc_column_container\"><div class=\"vc_column-inner\"><div class=\"w-iconbox iconpos_top style_default color_primary align_center\"><div class=\"w-iconbox-icon\" style=\"font-size:25px;\"><i class=\"fas fa-users\"><\/i><\/div><div class=\"w-iconbox-meta\"><h4 class=\"w-iconbox-title\">Travail d&rsquo;\u00e9quipe<\/h4><div class=\"w-iconbox-text\"><p style=\"text-align: center;\">Faire participer toutes les personnes travaillant pur nous dans la gestion et le d\u00e9veloppement du syst\u00e8me.<\/p>\n<\/div><\/div><\/div><\/div><\/div><div class=\"wpb_column vc_column_container\"><div class=\"vc_column-inner\"><div class=\"w-iconbox iconpos_top style_default color_primary align_center\"><div class=\"w-iconbox-icon\" style=\"font-size:25px;\"><i class=\"fas fa-wrench\"><\/i><\/div><div class=\"w-iconbox-meta\"><h4 class=\"w-iconbox-title\">Contr\u00f4le op\u00e9rationnel<\/h4><div class=\"w-iconbox-text\"><p style=\"text-align: center;\">Garantir \u00e0 nos processus une solide performance op\u00e9rationnelle et de design en mettant l&rsquo;accent sur la s\u00e9curit\u00e9 sur le lieu de travail.<\/p>\n<\/div><\/div><\/div><\/div><\/div><\/div><div class=\"w-separator us_custom_4bcdd2df size_medium\"><\/div><\/div><\/div><\/div><\/div><\/section><section class=\"l-section wpb_row hide_on_default hide_on_laptops hide_on_tablets height_small\"><div class=\"l-section-h i-cf\"><div class=\"g-cols vc_row via_grid cols_1 laptops-cols_inherit tablets-cols_inherit mobiles-cols_1 valign_top type_default stacking_default\"><div class=\"wpb_column vc_column_container\"><div class=\"vc_column-inner\"><div class=\"g-cols wpb_row via_grid cols_3 laptops-cols_inherit tablets-cols_inherit mobiles-cols_1 valign_top type_default stacking_default\"><div class=\"wpb_column vc_column_container\"><div class=\"vc_column-inner\"><div class=\"w-iconbox iconpos_top style_default color_primary align_center\"><div class=\"w-iconbox-icon\" style=\"font-size:25px;\"><i class=\"fas fa-user\"><\/i><\/div><div class=\"w-iconbox-meta\"><h4 class=\"w-iconbox-title\">Services d&rsquo;excellence<\/h4><div class=\"w-iconbox-text\"><p style=\"text-align: center;\">Fournir aux clients des services de qualit\u00e9, voire sup\u00e9rieure, \u00e0 celle attendue.<\/p>\n<\/div><\/div><\/div><\/div><\/div><div class=\"wpb_column vc_column_container\"><div class=\"vc_column-inner\"><div class=\"w-iconbox iconpos_top style_default color_primary align_center\"><div class=\"w-iconbox-icon\" style=\"font-size:25px;\"><i class=\"fas fa-address-card\"><\/i><\/div><div class=\"w-iconbox-meta\"><h4 class=\"w-iconbox-title\">Personnel qualifi\u00e9<\/h4><div class=\"w-iconbox-text\"><p style=\"text-align: center;\">Ne s\u00e9lectionner que du personnel techniquement qualifi\u00e9 et comp\u00e9tent, dot\u00e9 de qualit\u00e9s relationnelles, motiv\u00e9 pour poursuivre la mission de ST2.<\/p>\n<\/div><\/div><\/div><\/div><\/div><div class=\"wpb_column vc_column_container\"><div class=\"vc_column-inner\"><div class=\"w-iconbox iconpos_top style_default color_primary align_center\"><div class=\"w-iconbox-icon\" style=\"font-size:25px;\"><i class=\"fas fa-paper-plane\"><\/i><\/div><div class=\"w-iconbox-meta\"><h4 class=\"w-iconbox-title\">Savoir-faire sectioriel<\/h4><div class=\"w-iconbox-text\"><p style=\"text-align: center;\">Offrir des services adapt\u00e9s aux besoins des clients gr\u00e2ce \u00e0 notre savoir-faire du secteur et \u00e0 la relation de confiance \u00e9tablie avec eux.<\/p>\n<\/div><\/div><\/div><\/div><\/div><\/div><div class=\"g-cols wpb_row via_grid cols_3 laptops-cols_inherit tablets-cols_inherit mobiles-cols_1 valign_top type_default stacking_default\"><div class=\"wpb_column vc_column_container\"><div class=\"vc_column-inner\"><div class=\"w-iconbox iconpos_top style_default color_primary align_center\"><div class=\"w-iconbox-icon\" style=\"font-size:25px;\"><i class=\"fas fa-badge-check\"><\/i><\/div><div class=\"w-iconbox-meta\"><h4 class=\"w-iconbox-title\">Solutions rentables<\/h4><div class=\"w-iconbox-text\"><p style=\"text-align: center;\">Proposer des solutions rentables en s&rsquo;appuyant sur la recherche des synergies entre les flux logistiques des clients et des fournisseurs. Cela n&rsquo;est possible que gr\u00e2ce \u00e0 notre exp\u00e9rience dans le secteur.<\/p>\n<\/div><\/div><\/div><\/div><\/div><div class=\"wpb_column vc_column_container\"><div class=\"vc_column-inner\"><div class=\"w-iconbox iconpos_top style_default color_primary align_center\"><div class=\"w-iconbox-icon\" style=\"font-size:25px;\"><i class=\"fas fa-users\"><\/i><\/div><div class=\"w-iconbox-meta\"><h4 class=\"w-iconbox-title\">Travail d&rsquo;\u00e9quipe<\/h4><div class=\"w-iconbox-text\"><p style=\"text-align: center;\">Faire participer toutes les personnes travaillant pur nous dans la gestion et le d\u00e9veloppement du syst\u00e8me.<\/p>\n<\/div><\/div><\/div><\/div><\/div><div class=\"wpb_column vc_column_container\"><div class=\"vc_column-inner\"><div class=\"w-iconbox iconpos_top style_default color_primary align_center\"><div class=\"w-iconbox-icon\" style=\"font-size:25px;\"><i class=\"fas fa-wrench\"><\/i><\/div><div class=\"w-iconbox-meta\"><h4 class=\"w-iconbox-title\">Contr\u00f4le op\u00e9rationnel<\/h4><div class=\"w-iconbox-text\"><p style=\"text-align: center;\">Garantir \u00e0 nos processus une solide performance op\u00e9rationnelle et de design en mettant l&rsquo;accent sur la s\u00e9curit\u00e9 sur le lieu de travail.<\/p>\n<\/div><\/div><\/div><\/div><\/div><\/div><\/div><\/div><\/div><\/div><\/section><section class=\"l-section wpb_row height_auto width_full\"><div class=\"l-section-h i-cf\"><div class=\"g-cols vc_row via_grid cols_1 laptops-cols_inherit tablets-cols_inherit mobiles-cols_1 valign_middle type_default stacking_default\" style=\"grid-gap:0;\"><div class=\"wpb_column vc_column_container\"><div class=\"vc_column-inner\"><div class=\"w-actionbox color_primary controls_right\"><div class=\"w-actionbox-text\"><h2 class=\"w-actionbox-title\">Besoin de plus info?<\/h2><div class=\"w-actionbox-description\"><p>n&rsquo;h\u00e9sitez pas \u00e0 nous appeler:<\/p>\n<\/div><\/div><div class=\"w-actionbox-controls\"><a class=\"w-btn us-btn-style_3 icon_atleft\" href=\"tel:+390113974811\"><i class=\"fas fa-phone\"><\/i><span class=\"w-btn-label\">+39 011 3974811<\/span><\/a><\/div><\/div><\/div><\/div><\/div><\/div><\/section>\n","protected":false},"excerpt":{"rendered":"CERTIFICATIONS ET QUALIT\u00c9NOTRE MISSION: LA QUALIT\u00c9 ET LA SATISFACTION DU CLIENTN\u00b0 de certificat \/ Certificate No. CERT-15776-2005-AQ-TRI-SINCERT La recherche de la qualit\u00e9 pour la satisfaction du client constitue le socle de notre entreprise. Aujourd\u2019hui, nous r\u00e9affirmons ces valeurs en employant exclusivement\u00a0les meilleurs \u00e9quipements et les moyens les plus appropri\u00e9s. Nous nous engageons \u00e0 d\u00e9velopper un...","protected":false},"author":7,"featured_media":0,"parent":0,"menu_order":0,"comment_status":"closed","ping_status":"closed","template":"","meta":{"footnotes":""},"class_list":["post-1499","page","type-page","status-publish","hentry"],"_links":{"self":[{"href":"https:\/\/www.st2trasporti.com\/fr\/wp-json\/wp\/v2\/pages\/1499","targetHints":{"allow":["GET"]}}],"collection":[{"href":"https:\/\/www.st2trasporti.com\/fr\/wp-json\/wp\/v2\/pages"}],"about":[{"href":"https:\/\/www.st2trasporti.com\/fr\/wp-json\/wp\/v2\/types\/page"}],"author":[{"embeddable":true,"href":"https:\/\/www.st2trasporti.com\/fr\/wp-json\/wp\/v2\/users\/7"}],"replies":[{"embeddable":true,"href":"https:\/\/www.st2trasporti.com\/fr\/wp-json\/wp\/v2\/comments?post=1499"}],"version-history":[{"count":9,"href":"https:\/\/www.st2trasporti.com\/fr\/wp-json\/wp\/v2\/pages\/1499\/revisions"}],"predecessor-version":[{"id":2161,"href":"https:\/\/www.st2trasporti.com\/fr\/wp-json\/wp\/v2\/pages\/1499\/revisions\/2161"}],"wp:attachment":[{"href":"https:\/\/www.st2trasporti.com\/fr\/wp-json\/wp\/v2\/media?parent=1499"}],"curies":[{"name":"wp","href":"https:\/\/api.w.org\/{rel}","templated":true}]}}