{"id":1504,"date":"2022-04-11T21:12:05","date_gmt":"2022-04-11T19:12:05","guid":{"rendered":"https:\/\/www.st2trasporti.com\/dev\/?page_id=1504"},"modified":"2023-05-16T19:35:24","modified_gmt":"2023-05-16T17:35:24","slug":"environnement","status":"publish","type":"page","link":"https:\/\/www.st2trasporti.com\/fr\/environnement\/","title":{"rendered":"ENVIRONNEMENT"},"content":{"rendered":"<section class=\"l-section wpb_row height_medium\"><div class=\"l-section-h i-cf\"><div class=\"g-cols vc_row via_grid cols_1 laptops-cols_inherit tablets-cols_inherit mobiles-cols_1 valign_top type_default stacking_default\"><div class=\"wpb_column vc_column_container\"><div class=\"vc_column-inner\"><h1 class=\"w-post-elm post_title align_center entry-title color_link_inherit\">ENVIRONNEMENT<\/h1><\/div><\/div><\/div><\/div><\/section><section class=\"l-section wpb_row us_custom_0e1e04c8 height_huge\"><div class=\"l-section-h i-cf\"><div class=\"g-cols vc_row via_grid cols_2 laptops-cols_2 tablets-cols_1 mobiles-cols_1 valign_top type_default stacking_default\" style=\"grid-gap:0rem;\"><div class=\"wpb_column vc_column_container us_custom_9b0eea24 has_bg_color\"><div class=\"vc_column-inner\"><h3 class=\"w-text\"><span url class=\"w-text-h\"><span class=\"w-text-value\">POLITIQUE ENVIRONNEMENTALE DE L&rsquo;ENTREPRISE<\/span><\/span><\/h3><div class=\"wpb_text_column\"><div class=\"wpb_wrapper\"><p>Conscients de l&rsquo;importance de notre environnement, ST2 s.r.l. propose une politique environnementale align\u00e9 sur les\u00a0<strong>objectifs environnementales<\/strong> de la \u00abCharte des Entreprises pour le D\u00e9veloppement Durable\u00bb, \u00e9labor\u00e9e par la Chambre de commerce internationale. Nous nous engageons \u00e0:<\/p>\n<\/div><\/div><\/div><\/div><div class=\"wpb_column vc_column_container us_custom_8740aae6 has_bg_color\"><div class=\"vc_column-inner\"><div class=\"w-separator us_custom_4bcdd2df size_medium\"><\/div><\/div><\/div><\/div><\/div><\/section><section class=\"l-section wpb_row height_small\"><div class=\"l-section-h i-cf\"><div class=\"g-cols vc_row via_grid cols_1 laptops-cols_inherit tablets-cols_inherit mobiles-cols_1 valign_top type_default stacking_default\"><div class=\"wpb_column vc_column_container\"><div class=\"vc_column-inner\"><div class=\"g-cols wpb_row via_grid cols_5 laptops-cols_inherit tablets-cols_inherit mobiles-cols_1 valign_top type_default stacking_default\"><div class=\"wpb_column vc_column_container\"><div class=\"vc_column-inner\"><div class=\"w-iconbox iconpos_top style_default color_primary align_center no_title\"><div class=\"w-iconbox-icon\" style=\"font-size:25px;\"><i class=\"fas fa-globe\"><\/i><\/div><div class=\"w-iconbox-meta\"><div class=\"w-iconbox-text\"><p style=\"text-align: center;\">Choisir et acheter des produits et des services n\u00e9cessaires \u00e0 notre entreprise \u00e0 faible impact environnemental<\/p>\n<\/div><\/div><\/div><\/div><\/div><div class=\"wpb_column vc_column_container\"><div class=\"vc_column-inner\"><div class=\"w-iconbox iconpos_top style_default color_primary align_center no_title\"><div class=\"w-iconbox-icon\" style=\"font-size:25px;\"><i class=\"fas fa-paper-plane\"><\/i><\/div><div class=\"w-iconbox-meta\"><div class=\"w-iconbox-text\"><p style=\"text-align: center;\">Limiter l&rsquo;utilisation et le gaspillage des consommables en adoptant toutes les techniques n\u00e9cessaires pour les \u00e9conomiser (recyclage du papier ou pr\u00e9servation des espaces verts)<\/p>\n<\/div><\/div><\/div><\/div><\/div><div class=\"wpb_column vc_column_container\"><div class=\"vc_column-inner\"><div class=\"w-iconbox iconpos_top style_default color_primary align_center no_title\"><div class=\"w-iconbox-icon\" style=\"font-size:25px;\"><i class=\"fas fa-truck\"><\/i><\/div><div class=\"w-iconbox-meta\"><div class=\"w-iconbox-text\"><p style=\"text-align: center;\">Ne choisir que des v\u00e9hicules ayant de faibles \u00e9missions polluantes et bruit<\/p>\n<\/div><\/div><\/div><\/div><\/div><div class=\"wpb_column vc_column_container\"><div class=\"vc_column-inner\"><div class=\"w-iconbox iconpos_top style_default color_primary align_center no_title\"><div class=\"w-iconbox-icon\" style=\"font-size:25px;\"><i class=\"fas fa-box\"><\/i><\/div><div class=\"w-iconbox-meta\"><div class=\"w-iconbox-text\"><p style=\"text-align: center;\">R\u00e9duire la consommation d&#8217;emballages et de mat\u00e9riaux pour le stockage des marchandises, en favorisant plut\u00f4t la r\u00e9utilisation et l&rsquo;\u00e9change de palettes et de conteneurs.<\/p>\n<\/div><\/div><\/div><\/div><\/div><div class=\"wpb_column vc_column_container\"><div class=\"vc_column-inner\"><div class=\"w-iconbox iconpos_top style_default color_primary align_center no_title\"><div class=\"w-iconbox-icon\" style=\"font-size:25px;\"><i class=\"fas fa-gavel\"><\/i><\/div><div class=\"w-iconbox-meta\"><div class=\"w-iconbox-text\"><p style=\"text-align: center;\">Payer attention aux lois et aux r\u00e8glements comportant des exigences en mati\u00e8re de protection de l&rsquo;environnement.<\/p>\n<\/div><\/div><\/div><\/div><\/div><\/div><div class=\"w-separator us_custom_4bcdd2df size_small\"><\/div><\/div><\/div><\/div><\/div><\/section><section class=\"l-section wpb_row height_auto width_full\"><div class=\"l-section-h i-cf\"><div class=\"g-cols vc_row via_grid cols_1 laptops-cols_inherit tablets-cols_inherit mobiles-cols_1 valign_middle type_default stacking_default\" style=\"grid-gap:0;\"><div class=\"wpb_column vc_column_container\"><div class=\"vc_column-inner\"><div class=\"w-actionbox color_primary controls_right\"><div class=\"w-actionbox-text\"><h2 class=\"w-actionbox-title\">Besoin de plus info?<\/h2><div class=\"w-actionbox-description\"><p>n&rsquo;h\u00e9sitez pas \u00e0 nous appeler:<\/p>\n<\/div><\/div><div class=\"w-actionbox-controls\"><a class=\"w-btn us-btn-style_3 icon_atleft\" href=\"tel:+390113974811\"><i class=\"fas fa-phone\"><\/i><span class=\"w-btn-label\">+39 011 3974811<\/span><\/a><\/div><\/div><\/div><\/div><\/div><\/div><\/section>\n","protected":false},"excerpt":{"rendered":"ENVIRONNEMENTPOLITIQUE ENVIRONNEMENTALE DE L&rsquo;ENTREPRISEConscients de l&rsquo;importance de notre environnement, ST2 s.r.l. propose une politique environnementale align\u00e9 sur les\u00a0objectifs environnementales de la \u00abCharte des Entreprises pour le D\u00e9veloppement Durable\u00bb, \u00e9labor\u00e9e par la Chambre de commerce internationale. Nous nous engageons \u00e0: Choisir et acheter des produits et des services n\u00e9cessaires \u00e0 notre entreprise \u00e0 faible impact environnemental...","protected":false},"author":7,"featured_media":0,"parent":0,"menu_order":0,"comment_status":"closed","ping_status":"closed","template":"","meta":{"footnotes":""},"class_list":["post-1504","page","type-page","status-publish","hentry"],"_links":{"self":[{"href":"https:\/\/www.st2trasporti.com\/fr\/wp-json\/wp\/v2\/pages\/1504","targetHints":{"allow":["GET"]}}],"collection":[{"href":"https:\/\/www.st2trasporti.com\/fr\/wp-json\/wp\/v2\/pages"}],"about":[{"href":"https:\/\/www.st2trasporti.com\/fr\/wp-json\/wp\/v2\/types\/page"}],"author":[{"embeddable":true,"href":"https:\/\/www.st2trasporti.com\/fr\/wp-json\/wp\/v2\/users\/7"}],"replies":[{"embeddable":true,"href":"https:\/\/www.st2trasporti.com\/fr\/wp-json\/wp\/v2\/comments?post=1504"}],"version-history":[{"count":6,"href":"https:\/\/www.st2trasporti.com\/fr\/wp-json\/wp\/v2\/pages\/1504\/revisions"}],"predecessor-version":[{"id":1874,"href":"https:\/\/www.st2trasporti.com\/fr\/wp-json\/wp\/v2\/pages\/1504\/revisions\/1874"}],"wp:attachment":[{"href":"https:\/\/www.st2trasporti.com\/fr\/wp-json\/wp\/v2\/media?parent=1504"}],"curies":[{"name":"wp","href":"https:\/\/api.w.org\/{rel}","templated":true}]}}