{"id":1548,"date":"2022-05-30T21:57:22","date_gmt":"2022-05-30T19:57:22","guid":{"rendered":"https:\/\/www.st2trasporti.com\/dev\/?page_id=1548"},"modified":"2023-05-16T19:37:03","modified_gmt":"2023-05-16T17:37:03","slug":"incoterms-2010","status":"publish","type":"page","link":"https:\/\/www.st2trasporti.com\/fr\/incoterms-2010\/","title":{"rendered":"INCOTERMS 2010"},"content":{"rendered":"<section class=\"l-section wpb_row us_custom_19737bc8 height_large\"><div class=\"l-section-h i-cf\"><div class=\"g-cols vc_row via_grid cols_2-1 laptops-cols_inherit tablets-cols_1 mobiles-cols_1 valign_top type_default stacking_default\" style=\"grid-gap:0rem;\"><div class=\"wpb_column vc_column_container us_custom_2f1c1e17 has_bg_color\"><div class=\"vc_column-inner\"><h1 class=\"w-text us_custom_df5f4c97 has_text_color\"><span url class=\"w-text-h\"><span class=\"w-text-value\">INCOTERMS 2010<\/span><\/span><\/h1><div class=\"w-separator size_small\"><\/div><div class=\"wpb_text_column us_custom_df5f4c97 has_text_color\"><div class=\"wpb_wrapper\"><p>D\u00e8s 1920, la Chambre de commerce internationale a cr\u00e9\u00e9 une commission charg\u00e9e d&rsquo;\u00e9tudier une r\u00e9glementation organique des termes commerciaux. Elle a ensuite publi\u00e9 une brochure intitul\u00e9e \u00abTrade Terms\u00bb avec la description de six termes (FOB, CUF, C&amp;F, FAS, FOR\/FOT et DDP, un terme qui a ensuite disparu).<\/p>\n<p>La Chambre de Commerce a r\u00e9guli\u00e8rement mis \u00e0 jour ses termes commerciaux afin de suivre l&rsquo;\u00e9volution rapide des transports. La derni\u00e8re publication est le r\u00e9sultat de cette innovation constante, les \u00abIncoterms 2010\u00bb.<\/p>\n<p>Les Incoterms 2010 d\u00e9finissent de mani\u00e8re claire les responsabilit\u00e9s des exportateurs et des importateurs dans l&rsquo;organisation des exp\u00e9ditions et le transfert des responsabilit\u00e9s impliqu\u00e9es aux diff\u00e9rentes \u00e9tapes de la transaction. Ceci afin d&rsquo;\u00e9viter tout malentendu tout au long du processus d&rsquo;exp\u00e9dition et\/ou de transport.<\/p>\n<\/div><\/div><\/div><\/div><div class=\"wpb_column vc_column_container us_custom_27732b27 has_bg_color\"><div class=\"vc_column-inner\"><div class=\"w-tabs style_default switch_click accordion remove_indents\" style=\"--sections-title-size:calc( 16px + 0.4vw )\"><div class=\"w-tabs-sections titles-align_none icon_chevron cpos_right\"><div class=\"w-tabs-section no_indents active\" id=\"xe75\" style=\"background:var(--color-content-bg-alt);\"><button class=\"w-tabs-section-header active\" aria-controls=\"content-xe75\" aria-expanded=\"true\"><h3 class=\"w-tabs-section-title\">R\u00c8GLES POUR TOUT MODE DE TRANSPORT<\/h3><div class=\"w-tabs-section-control\"><\/div><\/button><div  class=\"w-tabs-section-content\" id=\"content-xe75\"><div class=\"w-tabs-section-content-h i-cf\"><div class=\"w-image align_none\"><div url class=\"w-image-h\"><img loading=\"lazy\" decoding=\"async\" width=\"403\" height=\"384\" src=\"https:\/\/www.st2trasporti.com\/wp-content\/uploads\/2022\/05\/incoterms1.png\" class=\"attachment-large size-large\" alt=\"\" srcset=\"https:\/\/www.st2trasporti.com\/wp-content\/uploads\/2022\/05\/incoterms1.png 403w, https:\/\/www.st2trasporti.com\/wp-content\/uploads\/2022\/05\/incoterms1-300x286.png 300w\" sizes=\"auto, (max-width: 403px) 100vw, 403px\" \/><\/div><\/div><\/div><\/div><\/div><div class=\"w-tabs-section no_indents\" id=\"nf17\" style=\"background:var(--color-content-bg-alt);\"><button class=\"w-tabs-section-header\" aria-controls=\"content-nf17\" aria-expanded=\"false\"><h3 class=\"w-tabs-section-title\">R\u00c8GLES POUR LE TRANSPORT MARITIME ET LES VOIES NAVIGABLES<\/h3><div class=\"w-tabs-section-control\"><\/div><\/button><div  class=\"w-tabs-section-content\" id=\"content-nf17\"><div class=\"w-tabs-section-content-h i-cf\"><div class=\"w-image align_none\"><div url class=\"w-image-h\"><img loading=\"lazy\" decoding=\"async\" width=\"355\" height=\"221\" src=\"https:\/\/www.st2trasporti.com\/wp-content\/uploads\/2022\/05\/incoterms2.png\" class=\"attachment-large size-large\" alt=\"\" srcset=\"https:\/\/www.st2trasporti.com\/wp-content\/uploads\/2022\/05\/incoterms2.png 355w, https:\/\/www.st2trasporti.com\/wp-content\/uploads\/2022\/05\/incoterms2-300x187.png 300w\" sizes=\"auto, (max-width: 355px) 100vw, 355px\" \/><\/div><\/div><\/div><\/div><\/div><\/div><\/div><\/div><\/div><\/div><\/div><\/section><section class=\"l-section wpb_row us_custom_0e1e04c8 height_huge\"><div class=\"l-section-h i-cf\"><div class=\"g-cols vc_row via_grid cols_2 laptops-cols_2 tablets-cols_1 mobiles-cols_1 valign_top type_default stacking_default\" style=\"grid-gap:0rem;\"><div class=\"wpb_column vc_column_container us_custom_9b0eea24 has_bg_color\"><div class=\"vc_column-inner\"><h3 class=\"w-text\"><span url class=\"w-text-h\"><span class=\"w-text-value\">PR\u00c9SENTATION DES INCOTERMS 2010<\/span><\/span><\/h3><div class=\"wpb_text_column\"><div class=\"wpb_wrapper\"><p>Les Incoterms 2010 d\u00e9finissent 13 r\u00e8gles, rempla\u00e7ant les r\u00e8gles DAF, DES, DEQ et DDU par deux nouvelles r\u00e8gles, \u00e0 utiliser quel que soit le mode de transport : DAT, Delivered at Terminal et DAP, Delivered at Place.<\/p>\n<p>La documentation compl\u00e8te sur les Incoterms 2010 est disponible sur le site de l&rsquo;ICC. Pour faciliter le choix, deux tableaux ont \u00e9t\u00e9 d\u00e9velopp\u00e9s : un pour l&rsquo;acheteur et un pour le vendeur.<\/p>\n<\/div><\/div><\/div><\/div><div class=\"wpb_column vc_column_container us_custom_e3d7658a has_bg_color\"><div class=\"vc_column-inner\"><div class=\"w-separator us_custom_4bcdd2df size_medium\"><\/div><\/div><\/div><\/div><\/div><\/section><section class=\"l-section wpb_row height_auto width_full\"><div class=\"l-section-h i-cf\"><div class=\"g-cols vc_row via_grid cols_1 laptops-cols_inherit tablets-cols_inherit mobiles-cols_1 valign_middle type_default stacking_default\" style=\"grid-gap:0;\"><div class=\"wpb_column vc_column_container\"><div class=\"vc_column-inner\"><div class=\"w-actionbox color_primary controls_right\"><div class=\"w-actionbox-text\"><h2 class=\"w-actionbox-title\">Besoin de plus info?<\/h2><div class=\"w-actionbox-description\"><p>n&rsquo;h\u00e9sitez pas \u00e0 nous appeler:<\/p>\n<\/div><\/div><div class=\"w-actionbox-controls\"><a class=\"w-btn us-btn-style_3 icon_atleft\" href=\"tel:+390113974811\"><i class=\"fas fa-phone\"><\/i><span class=\"w-btn-label\">+39 011 3974811<\/span><\/a><\/div><\/div><\/div><\/div><\/div><\/div><\/section>\n","protected":false},"excerpt":{"rendered":"INCOTERMS 2010D\u00e8s 1920, la Chambre de commerce internationale a cr\u00e9\u00e9 une commission charg\u00e9e d&rsquo;\u00e9tudier une r\u00e9glementation organique des termes commerciaux. Elle a ensuite publi\u00e9 une brochure intitul\u00e9e \u00abTrade Terms\u00bb avec la description de six termes (FOB, CUF, C&amp;F, FAS, FOR\/FOT et DDP, un terme qui a ensuite disparu). La Chambre de Commerce a r\u00e9guli\u00e8rement mis...","protected":false},"author":7,"featured_media":0,"parent":0,"menu_order":0,"comment_status":"closed","ping_status":"closed","template":"","meta":{"footnotes":""},"class_list":["post-1548","page","type-page","status-publish","hentry"],"_links":{"self":[{"href":"https:\/\/www.st2trasporti.com\/fr\/wp-json\/wp\/v2\/pages\/1548","targetHints":{"allow":["GET"]}}],"collection":[{"href":"https:\/\/www.st2trasporti.com\/fr\/wp-json\/wp\/v2\/pages"}],"about":[{"href":"https:\/\/www.st2trasporti.com\/fr\/wp-json\/wp\/v2\/types\/page"}],"author":[{"embeddable":true,"href":"https:\/\/www.st2trasporti.com\/fr\/wp-json\/wp\/v2\/users\/7"}],"replies":[{"embeddable":true,"href":"https:\/\/www.st2trasporti.com\/fr\/wp-json\/wp\/v2\/comments?post=1548"}],"version-history":[{"count":6,"href":"https:\/\/www.st2trasporti.com\/fr\/wp-json\/wp\/v2\/pages\/1548\/revisions"}],"predecessor-version":[{"id":1879,"href":"https:\/\/www.st2trasporti.com\/fr\/wp-json\/wp\/v2\/pages\/1548\/revisions\/1879"}],"wp:attachment":[{"href":"https:\/\/www.st2trasporti.com\/fr\/wp-json\/wp\/v2\/media?parent=1548"}],"curies":[{"name":"wp","href":"https:\/\/api.w.org\/{rel}","templated":true}]}}