{"id":1549,"date":"2022-04-12T17:46:24","date_gmt":"2022-04-12T15:46:24","guid":{"rendered":"https:\/\/www.st2trasporti.com\/dev\/?page_id=1549"},"modified":"2023-05-25T18:40:11","modified_gmt":"2023-05-25T16:40:11","slug":"logistique","status":"publish","type":"page","link":"https:\/\/www.st2trasporti.com\/fr\/logistique\/","title":{"rendered":"LOGISTIQUE"},"content":{"rendered":"<section class=\"l-section wpb_row height_medium\"><div class=\"l-section-h i-cf\"><div class=\"g-cols vc_row via_grid cols_1 laptops-cols_inherit tablets-cols_inherit mobiles-cols_1 valign_top type_default stacking_default\"><div class=\"wpb_column vc_column_container\"><div class=\"vc_column-inner\"><h1 class=\"w-post-elm post_title align_center entry-title color_link_inherit\">LOGISTIQUE<\/h1><\/div><\/div><\/div><\/div><\/section><section class=\"l-section wpb_row us_custom_0e1e04c8 height_huge\"><div class=\"l-section-h i-cf\"><div class=\"g-cols vc_row via_grid cols_2 laptops-cols_2 tablets-cols_1 mobiles-cols_1 valign_top type_default stacking_default\" style=\"grid-gap:0rem;\"><div class=\"wpb_column vc_column_container us_custom_9b0eea24 has_bg_color\"><div class=\"vc_column-inner\"><h3 class=\"w-text\"><span url class=\"w-text-h\"><span class=\"w-text-value\">ENTREPOSAGE ET DISTRIBUTION<\/span><\/span><\/h3><div class=\"wpb_text_column\"><div class=\"wpb_wrapper\"><p class=\"gt-block\"><strong>Les services logistiques<\/strong>\u00a0jouent un r\u00f4le central dans notre quotidien et c&rsquo;est un enjeu central d&rsquo;un syst\u00e8me de transport complet.<\/p>\n<p class=\"gt-block\">ST2 S.r.l. op\u00e8re avec\u00a0<strong>des entrep\u00f4ts en gestion directe<\/strong>\u00a0et \u00e9quipements innovants. Nous offrons des services\u00a0<strong>d&rsquo;entreposage<\/strong>\u00a0et\u00a0<strong>de d\u00e9chargement<\/strong>\u00a0avec des chariots \u00e9l\u00e9vateurs \u00e0 fourche de\u00a0<strong>2,0 ton 4,5 ton et 12 ton.<\/strong><\/p>\n<p>Depuis son bureau de Rivalta di Torino, notre entreprise propose \u00e9galement des solutions d&rsquo;entreposage et de distribution.<\/p>\n<p class=\"gt-block\">Pour plus d&rsquo;informations contactez-nous au <strong><a href=\"tel:+390113974811\">011 3974811<\/a>.<\/strong><\/p>\n<\/div><\/div><\/div><\/div><div class=\"wpb_column vc_column_container us_custom_818bcb98 has_bg_color\"><div class=\"vc_column-inner\"><div class=\"w-separator us_custom_4bcdd2df size_medium\"><\/div><\/div><\/div><\/div><\/div><\/section><section class=\"l-section wpb_row height_auto width_full\"><div class=\"l-section-h i-cf\"><div class=\"g-cols vc_row via_grid cols_1 laptops-cols_inherit tablets-cols_inherit mobiles-cols_1 valign_middle type_default stacking_default\" style=\"grid-gap:0;\"><div class=\"wpb_column vc_column_container\"><div class=\"vc_column-inner\"><div class=\"w-actionbox color_primary controls_right\"><div class=\"w-actionbox-text\"><h2 class=\"w-actionbox-title\">Besoin de plus info?<\/h2><div class=\"w-actionbox-description\"><p>n&rsquo;h\u00e9sitez pas \u00e0 nous appeler:<\/p>\n<\/div><\/div><div class=\"w-actionbox-controls\"><a class=\"w-btn us-btn-style_3 icon_atleft\" href=\"tel:+390113974811\"><i class=\"fas fa-phone\"><\/i><span class=\"w-btn-label\">+39 011 3974811<\/span><\/a><\/div><\/div><\/div><\/div><\/div><\/div><\/section>\n","protected":false},"excerpt":{"rendered":"LOGISTIQUEENTREPOSAGE ET DISTRIBUTIONLes services logistiques\u00a0jouent un r\u00f4le central dans notre quotidien et c&rsquo;est un enjeu central d&rsquo;un syst\u00e8me de transport complet. ST2 S.r.l. op\u00e8re avec\u00a0des entrep\u00f4ts en gestion directe\u00a0et \u00e9quipements innovants. Nous offrons des services\u00a0d&rsquo;entreposage\u00a0et\u00a0de d\u00e9chargement\u00a0avec des chariots \u00e9l\u00e9vateurs \u00e0 fourche de\u00a02,0 ton 4,5 ton et 12 ton. Depuis son bureau de Rivalta di Torino,...","protected":false},"author":7,"featured_media":0,"parent":0,"menu_order":0,"comment_status":"closed","ping_status":"closed","template":"","meta":{"footnotes":""},"class_list":["post-1549","page","type-page","status-publish","hentry"],"_links":{"self":[{"href":"https:\/\/www.st2trasporti.com\/fr\/wp-json\/wp\/v2\/pages\/1549","targetHints":{"allow":["GET"]}}],"collection":[{"href":"https:\/\/www.st2trasporti.com\/fr\/wp-json\/wp\/v2\/pages"}],"about":[{"href":"https:\/\/www.st2trasporti.com\/fr\/wp-json\/wp\/v2\/types\/page"}],"author":[{"embeddable":true,"href":"https:\/\/www.st2trasporti.com\/fr\/wp-json\/wp\/v2\/users\/7"}],"replies":[{"embeddable":true,"href":"https:\/\/www.st2trasporti.com\/fr\/wp-json\/wp\/v2\/comments?post=1549"}],"version-history":[{"count":8,"href":"https:\/\/www.st2trasporti.com\/fr\/wp-json\/wp\/v2\/pages\/1549\/revisions"}],"predecessor-version":[{"id":1557,"href":"https:\/\/www.st2trasporti.com\/fr\/wp-json\/wp\/v2\/pages\/1549\/revisions\/1557"}],"wp:attachment":[{"href":"https:\/\/www.st2trasporti.com\/fr\/wp-json\/wp\/v2\/media?parent=1549"}],"curies":[{"name":"wp","href":"https:\/\/api.w.org\/{rel}","templated":true}]}}