{"id":1558,"date":"2022-04-12T18:04:40","date_gmt":"2022-04-12T16:04:40","guid":{"rendered":"https:\/\/www.st2trasporti.com\/dev\/?page_id=1558"},"modified":"2026-04-14T12:40:01","modified_gmt":"2026-04-14T10:40:01","slug":"formulaires","status":"publish","type":"page","link":"https:\/\/www.st2trasporti.com\/fr\/formulaires\/","title":{"rendered":"FORMULAIRES"},"content":{"rendered":"<section class=\"l-section wpb_row height_medium\"><div class=\"l-section-h i-cf\"><div class=\"g-cols vc_row via_grid cols_1 laptops-cols_inherit tablets-cols_inherit mobiles-cols_1 valign_top type_default stacking_default\"><div class=\"wpb_column vc_column_container\"><div class=\"vc_column-inner\"><h1 class=\"w-post-elm post_title align_center entry-title color_link_inherit\">FORMULAIRES<\/h1><\/div><\/div><\/div><\/div><\/section><section class=\"l-section wpb_row us_custom_0e1e04c8 height_huge\"><div class=\"l-section-h i-cf\"><div class=\"g-cols vc_row via_grid cols_2 laptops-cols_2 tablets-cols_1 mobiles-cols_1 valign_top type_default stacking_default\" style=\"grid-gap:0rem;\"><div class=\"wpb_column vc_column_container us_custom_9b0eea24 has_bg_color\"><div class=\"vc_column-inner\"><h3 class=\"w-text\"><span url class=\"w-text-h\"><span class=\"w-text-value\">Documentation en format pdf<\/span><\/span><\/h3><div class=\"wpb_text_column\"><div class=\"wpb_wrapper\"><p>Dans cette section, vous pouvez t\u00e9l\u00e9charger (en format pdf) tous les documents requis par la loi concernant la r\u00e9gularit\u00e9 des transports et des services connexes.<br \/>Les formulaires sont constamment mis \u00e0 jour, mais si vous avez des exigences particuli\u00e8res, veuillez contacter nos bureaux\u00a0<em><a href=\"https:\/\/www.st2trasporti.com\/fr\/contact\/\" target=\"_blank\" rel=\"noopener\"><strong>en remplissant le formulaire<\/strong><\/a><\/em>\u00a0ou en utilisant les r\u00e9f\u00e9rences de la page appropri\u00e9e. Notre \u00e9quipe vous r\u00e9pondra au plus vite.<\/p>\n<\/div><\/div><\/div><\/div><div class=\"wpb_column vc_column_container us_custom_677d97dd has_bg_color\"><div class=\"vc_column-inner\"><div class=\"w-separator us_custom_4bcdd2df size_medium\"><\/div><\/div><\/div><\/div><\/div><\/section><section class=\"l-section wpb_row height_auto\"><div class=\"l-section-h i-cf\"><div class=\"g-cols vc_row via_grid cols_1 laptops-cols_inherit tablets-cols_inherit mobiles-cols_1 valign_top type_default stacking_default\"><div class=\"wpb_column vc_column_container\"><div class=\"vc_column-inner\"><div class=\"w-tabs layout_hor style_default switch_click has_scrolling\" style=\"--sections-title-size:1em\"><div class=\"w-tabs-list items_7 align_none\"><div class=\"w-tabs-list-h\"><button class=\"w-tabs-item active with_icon\" aria-controls=\"content-o8ad\" aria-expanded=\"false\"><i class=\"fas fa-file-pdf\"><\/i><span class=\"w-tabs-item-title\">D\u00c9CLARATION D&rsquo;ASSURANCE<\/span><\/button><button class=\"w-tabs-item with_icon\" aria-controls=\"content-q8a8\" aria-expanded=\"false\"><i class=\"fas fa-file-pdf\"><\/i><span class=\"w-tabs-item-title\">CERTIFICAT DE SYST\u00c8ME DE GESTION<\/span><\/button><button class=\"w-tabs-item with_icon\" aria-controls=\"content-k8ef\" aria-expanded=\"false\"><i class=\"fas fa-file-pdf\"><\/i><span class=\"w-tabs-item-title\"> TIERS<\/span><\/button><button class=\"w-tabs-item with_icon\" aria-controls=\"content-f98b\" aria-expanded=\"false\"><i class=\"fas fa-file-pdf\"><\/i><span class=\"w-tabs-item-title\">DURC INPS<\/span><\/button><button class=\"w-tabs-item with_icon\" aria-controls=\"content-ke8d\" aria-expanded=\"false\"><i class=\"fas fa-file-pdf\"><\/i><span class=\"w-tabs-item-title\">DEVIS ALBO 2026<\/span><\/button><button class=\"w-tabs-item with_icon\" aria-controls=\"content-n77d\" aria-expanded=\"false\"><i class=\"fas fa-file-pdf\"><\/i><span class=\"w-tabs-item-title\">CCIAA VISURA<\/span><\/button><button class=\"w-tabs-item with_icon\" aria-controls=\"content-ff91\" aria-expanded=\"false\"><i class=\"fas fa-file-pdf\"><\/i><span class=\"w-tabs-item-title\"> INSCRIPTION AU REGISTRE DES TRANSPORTS &#8211; ST2 SRL<\/span><\/button><\/div><\/div><div class=\"w-tabs-sections titles-align_none icon_chevron cpos_right\"><div class=\"w-tabs-section active\" id=\"o8ad\"><button class=\"w-tabs-section-header active with_icon\" aria-controls=\"content-o8ad\" aria-expanded=\"true\"><i class=\"fas fa-file-pdf\"><\/i><div class=\"w-tabs-section-title\">D\u00c9CLARATION D&rsquo;ASSURANCE<\/div><div class=\"w-tabs-section-control\"><\/div><\/button><div  class=\"w-tabs-section-content\" id=\"content-o8ad\"><div class=\"w-tabs-section-content-h i-cf\"><div class=\"g-cols wpb_row via_grid cols_1-2-1 laptops-cols_inherit tablets-cols_inherit mobiles-cols_1 valign_top type_default stacking_default\"><div class=\"wpb_column vc_column_container\"><div class=\"vc_column-inner\"><div class=\"w-btn-wrapper align_none\"><a class=\"w-btn us-btn-style_1 icon_atleft\" target=\"_blank\" rel=\"nofollow\" href=\"https:\/\/www.st2trasporti.com\/wp-content\/uploads\/2026\/01\/Dichiarazione-di-copertura-2026.pdf\"><i class=\"fal fa-file-pdf\"><\/i><span class=\"w-btn-label\">T\u00e9l\u00e9charger le PDF<\/span><\/a><\/div><\/div><\/div><div class=\"wpb_column vc_column_container\"><div class=\"vc_column-inner\"><div class=\"wpb_text_column\"><div class=\"wpb_wrapper\"><a href=\"https:\/\/www.st2trasporti.com\/wp-content\/uploads\/2026\/01\/Dichiarazione-di-copertura-2026.pdf\" class=\"pdfemb-viewer\" style=\"\" data-width=\"max\" data-height=\"max\" data-toolbar=\"top\" data-toolbar-fixed=\"on\">Dichiarazione-di-copertura-2026<\/a>\n<\/div><\/div><\/div><\/div><div class=\"wpb_column vc_column_container\"><div class=\"vc_column-inner\"><\/div><\/div><\/div><\/div><\/div><\/div><div class=\"w-tabs-section\" id=\"q8a8\"><button class=\"w-tabs-section-header with_icon\" aria-controls=\"content-q8a8\" aria-expanded=\"false\"><i class=\"fas fa-file-pdf\"><\/i><div class=\"w-tabs-section-title\">CERTIFICAT DE SYST\u00c8ME DE GESTION<\/div><div class=\"w-tabs-section-control\"><\/div><\/button><div  class=\"w-tabs-section-content\" id=\"content-q8a8\"><div class=\"w-tabs-section-content-h i-cf\"><div class=\"g-cols wpb_row via_grid cols_1-2-1 laptops-cols_inherit tablets-cols_inherit mobiles-cols_1 valign_top type_default stacking_default\"><div class=\"wpb_column vc_column_container\"><div class=\"vc_column-inner\"><div class=\"w-btn-wrapper align_none\"><a class=\"w-btn us-btn-style_1 icon_atleft\" target=\"_blank\" rel=\"nofollow\" href=\"https:\/\/www.st2trasporti.com\/wp-content\/uploads\/2026\/04\/ISO_9001-ITA-CERT-15776-2005-AQ-TRI-SINCERT-5-20260410.pdf\"><i class=\"fal fa-file-pdf\"><\/i><span class=\"w-btn-label\">T\u00e9l\u00e9charger le PDF<\/span><\/a><\/div><\/div><\/div><div class=\"wpb_column vc_column_container\"><div class=\"vc_column-inner\"><div class=\"wpb_text_column\"><div class=\"wpb_wrapper\"><a href=\"https:\/\/www.st2trasporti.com\/wp-content\/uploads\/2026\/04\/ISO_9001-ITA-CERT-15776-2005-AQ-TRI-SINCERT-5-20260410.pdf\" class=\"pdfemb-viewer\" style=\"\" data-width=\"max\" data-height=\"max\" data-toolbar=\"top\" data-toolbar-fixed=\"on\">ISO_9001-ITA-CERT-15776-2005-AQ-TRI-SINCERT-5-20260410<\/a>\n<\/div><\/div><\/div><\/div><div class=\"wpb_column vc_column_container\"><div class=\"vc_column-inner\"><\/div><\/div><\/div><\/div><\/div><\/div><div class=\"w-tabs-section\" id=\"k8ef\"><button class=\"w-tabs-section-header with_icon\" aria-controls=\"content-k8ef\" aria-expanded=\"false\"><i class=\"fas fa-file-pdf\"><\/i><div class=\"w-tabs-section-title\"> TIERS<\/div><div class=\"w-tabs-section-control\"><\/div><\/button><div  class=\"w-tabs-section-content\" id=\"content-k8ef\"><div class=\"w-tabs-section-content-h i-cf\"><div class=\"g-cols wpb_row via_grid cols_1-2-1 laptops-cols_inherit tablets-cols_inherit mobiles-cols_1 valign_top type_default stacking_default\"><div class=\"wpb_column vc_column_container\"><div class=\"vc_column-inner\"><div class=\"w-btn-wrapper align_none\"><a class=\"w-btn us-btn-style_1 icon_atleft\" target=\"_blank\" rel=\"nofollow\" href=\"https:\/\/www.st2trasporti.com\/wp-content\/uploads\/2022\/04\/CONTO-TERZI.pdf\"><i class=\"fal fa-file-pdf\"><\/i><span class=\"w-btn-label\">T\u00e9l\u00e9charger le PDF<\/span><\/a><\/div><\/div><\/div><div class=\"wpb_column vc_column_container\"><div class=\"vc_column-inner\"><div class=\"wpb_text_column\"><div class=\"wpb_wrapper\"><a href=\"https:\/\/www.st2trasporti.com\/wp-content\/uploads\/2022\/04\/CONTO-TERZI.pdf\" class=\"pdfemb-viewer\" style=\"\" data-width=\"max\" data-height=\"max\" data-toolbar=\"top\" data-toolbar-fixed=\"on\">CONTO-TERZI<\/a>\n<\/div><\/div><\/div><\/div><div class=\"wpb_column vc_column_container\"><div class=\"vc_column-inner\"><\/div><\/div><\/div><\/div><\/div><\/div><div class=\"w-tabs-section\" id=\"f98b\"><button class=\"w-tabs-section-header with_icon\" aria-controls=\"content-f98b\" aria-expanded=\"false\"><i class=\"fas fa-file-pdf\"><\/i><div class=\"w-tabs-section-title\">DURC INPS<\/div><div class=\"w-tabs-section-control\"><\/div><\/button><div  class=\"w-tabs-section-content\" id=\"content-f98b\"><div class=\"w-tabs-section-content-h i-cf\"><div class=\"g-cols wpb_row via_grid cols_1-2-1 laptops-cols_inherit tablets-cols_inherit mobiles-cols_1 valign_top type_default stacking_default\"><div class=\"wpb_column vc_column_container\"><div class=\"vc_column-inner\"><div class=\"w-btn-wrapper align_none\"><a class=\"w-btn us-btn-style_1 icon_atleft\" target=\"_blank\" rel=\"nofollow\" href=\"https:\/\/www.st2trasporti.com\/wp-content\/uploads\/2026\/03\/Durc_INAIL_53242758_02157770302.pdf\"><i class=\"fal fa-file-pdf\"><\/i><span class=\"w-btn-label\">T\u00e9l\u00e9charger le PDF<\/span><\/a><\/div><\/div><\/div><div class=\"wpb_column vc_column_container\"><div class=\"vc_column-inner\"><div class=\"wpb_text_column\"><div class=\"wpb_wrapper\"><a href=\"https:\/\/www.st2trasporti.com\/wp-content\/uploads\/2026\/03\/Durc_INAIL_53242758_02157770302.pdf\" class=\"pdfemb-viewer\" style=\"\" data-width=\"max\" data-height=\"max\" data-toolbar=\"top\" data-toolbar-fixed=\"on\">Durc_INAIL_53242758_02157770302<\/a>\n<\/div><\/div><\/div><\/div><div class=\"wpb_column vc_column_container\"><div class=\"vc_column-inner\"><\/div><\/div><\/div><\/div><\/div><\/div><div class=\"w-tabs-section\" id=\"ke8d\"><button class=\"w-tabs-section-header with_icon\" aria-controls=\"content-ke8d\" aria-expanded=\"false\"><i class=\"fas fa-file-pdf\"><\/i><div class=\"w-tabs-section-title\">DEVIS ALBO 2026<\/div><div class=\"w-tabs-section-control\"><\/div><\/button><div  class=\"w-tabs-section-content\" id=\"content-ke8d\"><div class=\"w-tabs-section-content-h i-cf\"><div class=\"g-cols wpb_row via_grid cols_1-2-1 laptops-cols_inherit tablets-cols_inherit mobiles-cols_1 valign_top type_default stacking_default\"><div class=\"wpb_column vc_column_container\"><div class=\"vc_column-inner\"><div class=\"w-btn-wrapper align_none\"><a class=\"w-btn us-btn-style_1 icon_atleft\" target=\"_blank\" rel=\"nofollow\" href=\"https:\/\/www.st2trasporti.com\/wp-content\/uploads\/2026\/01\/RINNOVO-ALBO-2026.pdf\"><i class=\"fal fa-file-pdf\"><\/i><span class=\"w-btn-label\">T\u00e9l\u00e9charger le PDF<\/span><\/a><\/div><\/div><\/div><div class=\"wpb_column vc_column_container\"><div class=\"vc_column-inner\"><div class=\"wpb_text_column\"><div class=\"wpb_wrapper\"><a href=\"https:\/\/www.st2trasporti.com\/wp-content\/uploads\/2026\/01\/RINNOVO-ALBO-2026.pdf\" class=\"pdfemb-viewer\" style=\"\" data-width=\"max\" data-height=\"max\" data-toolbar=\"top\" data-toolbar-fixed=\"on\">RINNOVO-ALBO-2026<\/a>\n<\/div><\/div><\/div><\/div><div class=\"wpb_column vc_column_container\"><div class=\"vc_column-inner\"><\/div><\/div><\/div><\/div><\/div><\/div><div class=\"w-tabs-section\" id=\"n77d\"><button class=\"w-tabs-section-header with_icon\" aria-controls=\"content-n77d\" aria-expanded=\"false\"><i class=\"fas fa-file-pdf\"><\/i><div class=\"w-tabs-section-title\">CCIAA VISURA<\/div><div class=\"w-tabs-section-control\"><\/div><\/button><div  class=\"w-tabs-section-content\" id=\"content-n77d\"><div class=\"w-tabs-section-content-h i-cf\"><div class=\"g-cols wpb_row via_grid cols_1-2-1 laptops-cols_inherit tablets-cols_inherit mobiles-cols_1 valign_top type_default stacking_default\"><div class=\"wpb_column vc_column_container\"><div class=\"vc_column-inner\"><div class=\"w-btn-wrapper align_none\"><a class=\"w-btn us-btn-style_1 icon_atleft\" target=\"_blank\" rel=\"nofollow\" href=\"https:\/\/www.st2trasporti.com\/wp-content\/uploads\/2026\/03\/CCIAA-del06.03.2026-pag.1.pdf\"><i class=\"fal fa-file-pdf\"><\/i><span class=\"w-btn-label\">T\u00e9l\u00e9charger le PDF<\/span><\/a><\/div><\/div><\/div><div class=\"wpb_column vc_column_container\"><div class=\"vc_column-inner\"><div class=\"wpb_text_column\"><div class=\"wpb_wrapper\"><a href=\"https:\/\/www.st2trasporti.com\/wp-content\/uploads\/2026\/03\/CCIAA-del06.03.2026-pag.1.pdf\" class=\"pdfemb-viewer\" style=\"\" data-width=\"max\" data-height=\"max\" data-toolbar=\"top\" data-toolbar-fixed=\"on\">CCIAA-del06.03.2026-pag.1<\/a>\n<\/div><\/div><\/div><\/div><div class=\"wpb_column vc_column_container\"><div class=\"vc_column-inner\"><\/div><\/div><\/div><\/div><\/div><\/div><div class=\"w-tabs-section\" id=\"ff91\"><button class=\"w-tabs-section-header with_icon\" aria-controls=\"content-ff91\" aria-expanded=\"false\"><i class=\"fas fa-file-pdf\"><\/i><div class=\"w-tabs-section-title\"> INSCRIPTION AU REGISTRE DES TRANSPORTS &#8211; ST2 SRL<\/div><div class=\"w-tabs-section-control\"><\/div><\/button><div  class=\"w-tabs-section-content\" id=\"content-ff91\"><div class=\"w-tabs-section-content-h i-cf\"><div class=\"g-cols wpb_row via_grid cols_1-2-1 laptops-cols_inherit tablets-cols_inherit mobiles-cols_1 valign_top type_default stacking_default\"><div class=\"wpb_column vc_column_container\"><div class=\"vc_column-inner\"><div class=\"w-btn-wrapper align_none\"><a class=\"w-btn us-btn-style_1 icon_atleft\" target=\"_blank\" rel=\"nofollow\" href=\"https:\/\/www.st2trasporti.com\/wp-content\/uploads\/2022\/04\/ISCR.-ALBO-TRASPORTATORI-ST2-SRL.pdf\"><i class=\"fal fa-file-pdf\"><\/i><span class=\"w-btn-label\">T\u00e9l\u00e9charger le PDF<\/span><\/a><\/div><\/div><\/div><div class=\"wpb_column vc_column_container\"><div class=\"vc_column-inner\"><div class=\"wpb_text_column\"><div class=\"wpb_wrapper\"><a href=\"https:\/\/www.st2trasporti.com\/wp-content\/uploads\/2022\/04\/ISCR.-ALBO-TRASPORTATORI-ST2-SRL.pdf\" class=\"pdfemb-viewer\" style=\"\" data-width=\"max\" data-height=\"max\" data-toolbar=\"top\" data-toolbar-fixed=\"on\">ISCR.-ALBO-TRASPORTATORI-ST2-SRL<\/a>\n<\/div><\/div><\/div><\/div><div class=\"wpb_column vc_column_container\"><div class=\"vc_column-inner\"><\/div><\/div><\/div><\/div><\/div><\/div><\/div><\/div><\/div><\/div><\/div><\/div><\/section><section class=\"l-section wpb_row height_auto width_full\"><div class=\"l-section-h i-cf\"><div class=\"g-cols vc_row via_grid cols_1 laptops-cols_inherit tablets-cols_inherit mobiles-cols_1 valign_middle type_default stacking_default\" style=\"grid-gap:0;\"><div class=\"wpb_column vc_column_container\"><div class=\"vc_column-inner\"><div class=\"w-separator size_large\"><\/div><div class=\"w-actionbox color_primary controls_right\"><div class=\"w-actionbox-text\"><h2 class=\"w-actionbox-title\">Besoin de plus info?<\/h2><div class=\"w-actionbox-description\"><p>n&rsquo;h\u00e9sitez pas \u00e0 nous appeler:<\/p>\n<\/div><\/div><div class=\"w-actionbox-controls\"><a class=\"w-btn us-btn-style_3 icon_atleft\" href=\"tel:+390113974811\"><i class=\"fas fa-phone\"><\/i><span class=\"w-btn-label\">+39 011 3974811<\/span><\/a><\/div><\/div><\/div><\/div><\/div><\/div><\/section>\n","protected":false},"excerpt":{"rendered":"FORMULAIRESDocumentation en format pdfDans cette section, vous pouvez t\u00e9l\u00e9charger (en format pdf) tous les documents requis par la loi concernant la r\u00e9gularit\u00e9 des transports et des services connexes.Les formulaires sont constamment mis \u00e0 jour, mais si vous avez des exigences particuli\u00e8res, veuillez contacter nos bureaux\u00a0en remplissant le formulaire\u00a0ou en utilisant les r\u00e9f\u00e9rences de la page...","protected":false},"author":7,"featured_media":0,"parent":0,"menu_order":0,"comment_status":"closed","ping_status":"closed","template":"","meta":{"footnotes":""},"class_list":["post-1558","page","type-page","status-publish","hentry"],"_links":{"self":[{"href":"https:\/\/www.st2trasporti.com\/fr\/wp-json\/wp\/v2\/pages\/1558","targetHints":{"allow":["GET"]}}],"collection":[{"href":"https:\/\/www.st2trasporti.com\/fr\/wp-json\/wp\/v2\/pages"}],"about":[{"href":"https:\/\/www.st2trasporti.com\/fr\/wp-json\/wp\/v2\/types\/page"}],"author":[{"embeddable":true,"href":"https:\/\/www.st2trasporti.com\/fr\/wp-json\/wp\/v2\/users\/7"}],"replies":[{"embeddable":true,"href":"https:\/\/www.st2trasporti.com\/fr\/wp-json\/wp\/v2\/comments?post=1558"}],"version-history":[{"count":11,"href":"https:\/\/www.st2trasporti.com\/fr\/wp-json\/wp\/v2\/pages\/1558\/revisions"}],"predecessor-version":[{"id":2166,"href":"https:\/\/www.st2trasporti.com\/fr\/wp-json\/wp\/v2\/pages\/1558\/revisions\/2166"}],"wp:attachment":[{"href":"https:\/\/www.st2trasporti.com\/fr\/wp-json\/wp\/v2\/media?parent=1558"}],"curies":[{"name":"wp","href":"https:\/\/api.w.org\/{rel}","templated":true}]}}