{"id":1561,"date":"2022-03-22T17:43:47","date_gmt":"2022-03-22T16:43:47","guid":{"rendered":"https:\/\/www.st2trasporti.com\/dev\/?page_id=1561"},"modified":"2023-04-05T17:03:00","modified_gmt":"2023-04-05T15:03:00","slug":"politique-de-confidentialite","status":"publish","type":"page","link":"https:\/\/www.st2trasporti.com\/fr\/politique-de-confidentialite\/","title":{"rendered":"POLITIQUE DE CONFIDENTIALIT\u00c9"},"content":{"rendered":"<section class=\"l-section wpb_row height_auto\"><div class=\"l-section-h i-cf\"><div class=\"g-cols vc_row via_grid cols_1 laptops-cols_inherit tablets-cols_inherit mobiles-cols_1 valign_top type_default stacking_default\"><div class=\"wpb_column vc_column_container us_custom_4dff302d foot us_animate_this\"><div class=\"vc_column-inner\"><div class=\"w-separator size_medium\"><\/div><div class=\"wpb_text_column\"><div class=\"wpb_wrapper\"><section class=\"l-section wpb_row height_auto\">\n<div class=\"l-section-h i-cf\">\n<div class=\"g-cols vc_row via_grid cols_1 laptops-cols_inherit tablets-cols_inherit mobiles-cols_1 valign_top type_default stacking_default\">\n<div class=\"wpb_column vc_column_container foot us_animate_afb start\">\n<div class=\"vc_column-inner\">\n<div class=\"wpb_text_column\">\n<div class=\"wpb_wrapper\">\n<h3><strong>INFORMATIONS \u00c9TENDUES SUR LES COOKIES<\/strong><\/h3>\n<p>Ce site utilise des cookies, y compris de tiers, pour am\u00e9liorer l&rsquo;exp\u00e9rience de navigation et permettre \u00e0 ceux qui surfent d&rsquo;utiliser nos services en ligne et d&rsquo;afficher des publicit\u00e9s en fonction de leurs pr\u00e9f\u00e9rences. Les cookies utilis\u00e9s sur ce site appartiennent aux cat\u00e9gories d\u00e9crites ci-dessous.<\/p>\n<p class=\"gt-block\"><strong>Que sont les cookies<\/strong><\/p>\n<p>Les cookies sont de petits fichiers texte qui sont automatiquement plac\u00e9s sur le PC du navigateur dans le navigateur. Ils contiennent des informations de base sur la navigation sur Internet et gr\u00e2ce au navigateur, ils sont reconnus \u00e0 chaque fois que l&rsquo;utilisateur visite le site. Vous trouverez ci-dessous toutes les informations sur les cookies install\u00e9s par ce site et les informations n\u00e9cessaires sur la fa\u00e7on de g\u00e9rer vos pr\u00e9f\u00e9rences.<\/p>\n<p class=\"gt-block\"><strong>G\u00e9rer les cookies<\/strong><\/p>\n<p class=\"gt-block\"><strong>1 &#8211; Cookies techniques<\/strong><\/p>\n<p class=\"gt-block\">Les cookies techniques d\u00e9crits ci-dessous ne n\u00e9cessitent pas de consentement et sont donc install\u00e9s automatiquement suite \u00e0 l&rsquo;acc\u00e8s au site. &#8211;\u00a0<strong>Cookies n\u00e9cessaires au fonctionnement<\/strong>: cookies qui permettent au site de fonctionner correctement permettant \u00e9galement \u00e0 l&rsquo;utilisateur d&rsquo;avoir une exp\u00e9rience de navigation fonctionnelle. Par exemple, ils maintiennent l&rsquo;utilisateur connect\u00e9 pendant la navigation, emp\u00eachant le site de demander \u00e0 se connecter plusieurs fois pour acc\u00e9der aux pages suivantes.<\/p>\n<p class=\"gt-block\">&#8211;\u00a0<strong>Cookie pour enregistrer les pr\u00e9f\u00e9rences<\/strong>: les cookies qui vous permettent de vous souvenir des pr\u00e9f\u00e9rences s\u00e9lectionn\u00e9es par l&rsquo;utilisateur lors de la navigation, par exemple, vous permettent de d\u00e9finir la langue.<\/p>\n<p class=\"gt-block\">&#8211;\u00a0<strong>Cookies statistiques et de mesure d&rsquo;audience<\/strong>: cookies qui permettent de comprendre, \u00e0 travers des donn\u00e9es collect\u00e9es sous forme anonyme et agr\u00e9g\u00e9e, comment les utilisateurs interagissent avec le site en fournissant des informations relatives aux rubriques visit\u00e9es, le temps pass\u00e9 sur le site, d&rsquo;\u00e9ventuels dysfonctionnements.<\/p>\n<p class=\"gt-block\"><strong>2 &#8211; Cookies tiers<\/strong><\/p>\n<p class=\"gt-block\">Par le biais de ce site, des cookies g\u00e9r\u00e9s par des tiers sont \u00e9galement install\u00e9s. Si vous souhaitez avoir des informations sur ces cookies tiers et sur la gestion du consentement, veuillez acc\u00e9der aux liens dans les tableaux ci-dessous. Aussi en acc\u00e9dant \u00e0 la page\u00a0<a href=\"http:\/\/www.youronlinechoices.com\/it\/le-tue-scelte\" target=\"_blank\" rel=\"noopener\">http:\/\/www.youronlinechoices.com\/it\/le-tue-scelte<\/a>\u00a0il est possible de s&rsquo;informer sur la publicit\u00e9 comportementale ainsi que de d\u00e9sactiver ou d&rsquo;activer les cookies des soci\u00e9t\u00e9s cot\u00e9es qui travaillent avec les gestionnaires de sites Web pour collecter et utiliser des informations utiles \u00e0 l&rsquo;utilisation de la publicit\u00e9.<\/p>\n<p class=\"gt-block\"><strong>2.1 &#8211; Cookies statistiques et mesure d&rsquo;audience par des tiers<\/strong><\/p>\n<p>Ces cookies fournissent des informations anonymes \/ agr\u00e9g\u00e9es sur la fa\u00e7on dont les visiteurs naviguent sur le site. Vous trouverez ci-dessous les liens vers les pages de politique de cookies respectives pour g\u00e9rer le consentement.<\/p>\n<table>\n<tbody>\n<tr>\n<td width=\"92\"><strong>Entreprise<\/strong><\/td>\n<td width=\"208\"><strong>service<\/strong><\/td>\n<td width=\"104\"><strong>Tipo<\/strong><\/td>\n<td width=\"253\"><strong>Insights<\/strong><\/td>\n<\/tr>\n<tr>\n<td width=\"92\">Google<\/td>\n<td width=\"208\">Google Analytics: syst\u00e8me de statistiques<\/td>\n<td width=\"104\">cookies analytiques<\/td>\n<td width=\"253\"><a href=\"https:\/\/support.google.com\/analytics\/answer\/6004245\" target=\"_blank\" rel=\"noopener\">https:\/\/support.google.com\/analytics\/answer\/6004245<\/a><\/td>\n<\/tr>\n<tr>\n<td width=\"92\">Adobe<\/td>\n<td width=\"208\">SiteCatalyst: syst\u00e8me de statistiques<\/td>\n<td width=\"104\">cookies analytiques<\/td>\n<td width=\"253\"><a href=\"http:\/\/www.adobe.com\/privacy\/opt-out.html\" target=\"_blank\" rel=\"noopener\">http:\/\/www.adobe.com\/privacy\/opt-out.html<\/a><\/td>\n<\/tr>\n<tr>\n<td width=\"92\">Google<\/td>\n<td width=\"208\">compter les conversions campagnes adword<\/td>\n<td width=\"104\">cookies de conversion<\/td>\n<td width=\"253\"><a href=\"https:\/\/www.google.com\/intl\/it\/policies\/technologies\/types\/\" target=\"_blank\" rel=\"noopener\">https:\/\/www.google.com\/intl\/it\/policies\/technologies\/types\/<\/a><\/td>\n<\/tr>\n<\/tbody>\n<\/table>\n<p class=\"gt-block\"><strong>2.2 &#8211; Cookies de partage sur les r\u00e9seaux sociaux<\/strong><\/p>\n<p>Ces cookies tiers &#8211; s&rsquo;il existe des liens sur le site &#8211; sont utilis\u00e9s pour int\u00e9grer certaines fonctionnalit\u00e9s communes des principaux m\u00e9dias sociaux et les fournir au sein du site. En particulier, ils permettent l&rsquo;inscription et l&rsquo;authentification sur le site via facebook et google connect, le partage et les commentaires des pages du site sur les r\u00e9seaux sociaux, permettant les fonctions du \u00ablike\u00bb sur Facebook et du \u00ab+1\u00bb sur G +. Vous trouverez ci-dessous les liens vers les pages de politique de cookies respectives pour g\u00e9rer le consentement.<\/p>\n<table>\n<tbody>\n<tr>\n<td width=\"92\"><strong>Entreprise<\/strong><\/td>\n<td width=\"94\"><strong>Tipo<\/strong><\/td>\n<td width=\"463\"><strong>Insights<\/strong><\/td>\n<\/tr>\n<tr>\n<td width=\"92\">Facebook<\/td>\n<td width=\"94\">r\u00e9seaux sociaux<\/td>\n<td width=\"463\"><a href=\"https:\/\/www.facebook.com\/about\/privacy\/your-info-on-other\" target=\"_blank\" rel=\"noopener\">https:\/\/www.facebook.com\/about\/privacy\/your-info-on-other<\/a><\/td>\n<\/tr>\n<tr>\n<td width=\"92\">G+<\/td>\n<td width=\"94\">r\u00e9seaux sociaux<\/td>\n<td width=\"463\"><a href=\"https:\/\/www.google.com\/intl\/it\/policies\/technologies\/cookies\/\" target=\"_blank\" rel=\"noopener\">https:\/\/www.google.com\/intl\/it\/policies\/technologies\/cookies\/<\/a><\/td>\n<\/tr>\n<tr>\n<td width=\"92\">Youtube<\/td>\n<td width=\"94\">r\u00e9seaux sociaux<\/td>\n<td width=\"463\"><a href=\"http:\/\/www.google.co.uk\/intl\/en\/policies\/privacy\/\" target=\"_blank\" rel=\"noopener\">http:\/\/www.google.co.uk\/intl\/en\/policies\/privacy\/<\/a><\/td>\n<\/tr>\n<tr>\n<td width=\"92\">Twitter<\/td>\n<td width=\"94\">r\u00e9seaux sociaux<\/td>\n<td width=\"463\"><a href=\"https:\/\/twitter.com\/privacy\" target=\"_blank\" rel=\"noopener\">https:\/\/twitter.com\/privacy<\/a><\/td>\n<\/tr>\n<tr>\n<td width=\"92\">LinkedIn<\/td>\n<td width=\"94\">r\u00e9seaux sociaux<\/td>\n<td width=\"463\"><a href=\"http:\/\/www.linkedin.com\/legal\/privacy-policy\" target=\"_blank\" rel=\"noopener\">http:\/\/www.linkedin.com\/legal\/privacy-policy<\/a><\/td>\n<\/tr>\n<tr>\n<td width=\"92\">Pinterest<\/td>\n<td width=\"94\">r\u00e9seaux sociaux<\/td>\n<td width=\"463\"><a href=\"https:\/\/about.pinterest.com\/en\/privacy-policy\" target=\"_blank\" rel=\"noopener\">https:\/\/about.pinterest.com\/en\/privacy-policy<\/a><\/td>\n<\/tr>\n<\/tbody>\n<\/table>\n<p class=\"gt-block\"><strong>2.3 &#8211; Cookies de remarketing<\/strong><\/p>\n<p>Ces cookies tiers vous permettent d&rsquo;afficher des publicit\u00e9s en fonction des int\u00e9r\u00eats exprim\u00e9s par les utilisateurs lors de la navigation en ligne sur les sites et applications appartenant au circuit du tiers qui a \u00e9mis ces cookies. Par exemple, les cookies de remarketing utilis\u00e9s par ce site peuvent \u00eatre ceux du R\u00e9seau Display de Google et de la plateforme Facebook Audience Network. Vous trouverez ci-dessous des informations sur la mani\u00e8re de d\u00e9sactiver l&rsquo;utilisation des cookies par Google et Facebook.<\/p>\n<table>\n<tbody>\n<tr>\n<td width=\"83\"><strong>Entreprise<\/strong><\/td>\n<td width=\"217\"><strong>service<\/strong><\/td>\n<td width=\"104\"><strong>Tipo<\/strong><\/td>\n<td width=\"253\"><strong>Insights<\/strong><\/td>\n<\/tr>\n<tr>\n<td width=\"83\">Google \/ Doubleclick<\/td>\n<td width=\"217\">Google Adword: service de publicit\u00e9<\/td>\n<td width=\"104\">Cookies publicitaires<\/td>\n<td width=\"253\"><a href=\"https:\/\/www.google.com\/settings\/u\/0\/ads?hl=it&amp;sig=ACi0TCgXr8uqvKa_OfQ2M4xiVRj3nMEDB3lkpd-dmIl54m3q8aTOydNUUPfu9frvG0wfipSTZUtGDlbn20zzsgE_7VVmcHOQBw\" target=\"_blank\" rel=\"noopener\">https:\/\/www.google.com\/settings\/u\/0\/ads?hl=it&amp;sig=ACi0TCgXr8uqvKa_OfQ2M4xiVRj3nMEDB3lkpd-dmIl54m3q8aTOydNUUPfu9frvG0wfipSTZUtGDlbn20zzsgE_7VVmcHOQBw<\/a><\/td>\n<\/tr>\n<tr>\n<td width=\"83\">AppNexus<\/td>\n<td width=\"217\">Campagnes publicitaires<\/td>\n<td width=\"104\">cookies de reciblage<\/td>\n<td width=\"253\">http:\/\/www.appnexus.com\/platform-policy<\/td>\n<\/tr>\n<tr>\n<td width=\"83\">Facebook<\/td>\n<td width=\"217\">Audience client, campagnes publicitaires<\/td>\n<td width=\"104\">cookies de reciblage<\/td>\n<td width=\"253\">https:\/\/www.facebook.com\/help\/cookies<\/td>\n<\/tr>\n<\/tbody>\n<\/table>\n<p class=\"gt-block\"><strong>2.4 &#8211; Cookies techniques tiers<\/strong><\/p>\n<p>Ces cookies tiers permettent aux plugins tiers de fonctionner correctement, garantissant \u00e0 l&rsquo;utilisateur une exp\u00e9rience de navigation fonctionnelle. Par exemple, ils maintiennent l&rsquo;utilisateur connect\u00e9 lors de sa navigation afin qu&rsquo;il n&rsquo;ait pas \u00e0 saisir en permanence ses identifiants pour acc\u00e9der aux diff\u00e9rentes fonctionnalit\u00e9s propos\u00e9es par le site. Les plugins en question sont ceux utilis\u00e9s par le site pour vous permettre de faire des r\u00e9servations, de prendre rendez-vous, d&rsquo;\u00e9changer des documents, d&rsquo;effectuer des paiements, de recevoir des emails ou des SMS.<\/p>\n<table>\n<tbody>\n<tr>\n<td width=\"92\"><strong>Entreprise<\/strong><\/td>\n<td width=\"208\"><strong>service<\/strong><\/td>\n<td width=\"104\"><strong>Tipo<\/strong><\/td>\n<td width=\"253\"><strong>Insights<\/strong><\/td>\n<\/tr>\n<tr>\n<td width=\"92\">Google<\/td>\n<td width=\"208\">Google Analytics: syst\u00e8me de statistiques<\/td>\n<td width=\"104\">cookies analytiques<\/td>\n<td width=\"253\"><a href=\"https:\/\/support.google.com\/analytics\/answer\/6004245\" target=\"_blank\" rel=\"noopener\">https:\/\/support.google.com\/analytics\/answer\/6004245<\/a><\/td>\n<\/tr>\n<tr>\n<td width=\"92\">Adobe<\/td>\n<td width=\"208\">SiteCatalyst: syst\u00e8me de statistiques<\/td>\n<td width=\"104\">cookies analytiques<\/td>\n<td width=\"253\"><a href=\"http:\/\/www.adobe.com\/privacy\/opt-out.html\" target=\"_blank\" rel=\"noopener\">http:\/\/www.adobe.com\/privacy\/opt-out.html<\/a><\/td>\n<\/tr>\n<tr>\n<td width=\"92\">Google<\/td>\n<td width=\"208\">compter les conversions campagnes adword<\/td>\n<td width=\"104\">cookies de conversion<\/td>\n<td width=\"253\"><a href=\"https:\/\/www.google.com\/intl\/it\/policies\/technologies\/types\/\" target=\"_blank\" rel=\"noopener\">https:\/\/www.google.com\/intl\/it\/policies\/technologies\/types\/<\/a><\/td>\n<\/tr>\n<\/tbody>\n<\/table>\n<p class=\"gt-block\"><strong>3 &#8211; N&rsquo;oubliez pas que vous pouvez g\u00e9rer vos pr\u00e9f\u00e9rences en mati\u00e8re de cookies \u00e9galement via le navigateur<\/strong><\/p>\n<p class=\"gt-block\"><em>Si vous utilisez Internet Explorer<\/em>\u00a0Dans Internet Explorer, cliquez sur \u00ab\u00a0Outils\u00a0\u00bb et s\u00e9lectionnez \u00ab\u00a0Options Internet\u00a0\u00bb. Dans l&rsquo;onglet Confidentialit\u00e9, d\u00e9placez le curseur vers le haut pour bloquer tous les cookies ou vers le bas pour autoriser tous les cookies, puis cliquez sur OK.<\/p>\n<p class=\"gt-block\"><em>Si vous utilisez le navigateur Firefox<\/em>\u00a0Choisissez le menu \u00ab\u00a0Outils\u00a0\u00bb du navigateur et s\u00e9lectionnez le menu \u00ab\u00a0Options\u00a0\u00bb. Cliquez sur l&rsquo;onglet \u00ab\u00a0Confidentialit\u00e9\u00a0\u00bb. Dans la liste d\u00e9roulante \u00abR\u00e8gles de conservation\u00bb, s\u00e9lectionnez le niveau souhait\u00e9. Cochez la case \u00ab\u00a0Accepter les cookies\u00a0\u00bb pour activer les cookies, ou d\u00e9cochez la case pour les d\u00e9sactiver. Choisissez la dur\u00e9e de conservation des cookies.<\/p>\n<p class=\"gt-block\"><em>Si vous utilisez le navigateur Safari<\/em>\u00a0Cliquez dans le menu Safari, s\u00e9lectionnez le menu \u00ab\u00a0Edition\u00a0\u00bb et s\u00e9lectionnez \u00ab\u00a0Pr\u00e9f\u00e9rences\u00a0\u00bb. Cliquez sur \u00ab\u00a0Confidentialit\u00e9\u00a0\u00bb. Placez le param\u00e8tre \u00ab\u00a0Blocage des cookies\u00a0\u00bb et cliquez sur OK.<\/p>\n<p class=\"gt-block\"><em>Si vous utilisez le navigateur Google Chrome<\/em>\u00a0Cliquez sur le menu Chrome dans la barre d&rsquo;outils du navigateur. S\u00e9lectionnez \u00abParam\u00e8tres\u00bb. Cliquez sur \u00abAfficher les param\u00e8tres avanc\u00e9s\u00bb. Dans la section \u00ab\u00a0Confidentialit\u00e9\u00a0\u00bb, cliquez sur \u00ab\u00a0Param\u00e8tres de contenu\u00a0\u00bb. Dans la section \u00ab\u00a0Cookies\u00a0\u00bb, s\u00e9lectionnez \u00ab\u00a0Emp\u00eacher tous les sites d&rsquo;enregistrer des donn\u00e9es\u00a0\u00bb puis cliquez sur OK.<\/p>\n<p>Si vous utilisez un autre navigateur ou si vous ne connaissez pas le type et la version de navigateur que vous utilisez, cliquez sur \u00ab\u00a0Aide\u00a0\u00bb dans la fen\u00eatre du navigateur en haut, \u00e0 partir de laquelle vous pouvez acc\u00e9der \u00e0 toutes les informations n\u00e9cessaires.<\/p>\n<p>\u00c0 tout moment vous pouvez demander, en \u00e9crivant \u00e0 l&rsquo;adresse du propri\u00e9taire de ce site, l&rsquo;acc\u00e8s \u00e0 vos donn\u00e9es personnelles, la correction ou l&rsquo;annulation de celles-ci ou m\u00eame simplement la limitation de leur traitement (anonymisation) ou d\u00e9poser une r\u00e9clamation aupr\u00e8s du Garant Autorit\u00e9 pour la protection des donn\u00e9es, si vous pensez que vos droits ont \u00e9t\u00e9 viol\u00e9s.<\/p>\n<\/div>\n<\/div>\n<\/div>\n<\/div>\n<\/div>\n<\/div>\n<\/section>\n<\/div><\/div><div class=\"w-separator size_medium\"><\/div><\/div><\/div><\/div><\/div><\/section><section class=\"l-section wpb_row height_auto\"><div class=\"l-section-h i-cf\"><div class=\"g-cols vc_row via_grid cols_1 laptops-cols_inherit tablets-cols_inherit mobiles-cols_1 valign_top type_default stacking_default\"><div class=\"wpb_column vc_column_container us_custom_4dff302d foot us_animate_this\"><div class=\"vc_column-inner\"><div class=\"w-separator size_medium\"><\/div><div class=\"wpb_text_column\" id=\"l\u00e8gale\"><div class=\"wpb_wrapper\"><section class=\"l-section wpb_row height_auto\">\n<div class=\"l-section-h i-cf\">\n<div class=\"g-cols vc_row via_grid cols_1 laptops-cols_inherit tablets-cols_inherit mobiles-cols_1 valign_top type_default stacking_default\">\n<div class=\"wpb_column vc_column_container foot us_animate_afb start\">\n<div class=\"vc_column-inner\">\n<div class=\"wpb_text_column\">\n<div class=\"wpb_wrapper\">\n<h3><strong>MENTION L\u00c9GALE<\/strong><\/h3>\n<p class=\"gt-block\">Les donn\u00e9es personnelles saisies par vous sont trait\u00e9es par (<strong>\u00a9 ST2 SRL<\/strong>, INTERPORTO S.I.T.O. SUD STRADA TERZA NR 2),\u00a0<a href=\"tel:+39 011 3974811\">+39 011 3974811\u00a0<\/a>&#8211; Num\u00e9ro de TVA 02157770302 &#8211;\u00a0<a href=\"mailto:info@st2.it\">info@st2.it<\/a>) \u00e0 des fins li\u00e9es \u00e0 la fourniture des services que vous avez demand\u00e9s (\u00e0 titre d&rsquo;exemple : demander des informations, vous inscrire sur le site pour b\u00e9n\u00e9ficier d&rsquo;avantages et d&rsquo;offres, obtenir des devis, effectuer des achats et les recevoir \u00e0 une adresse que vous avez indiqu\u00e9e).<\/p>\n<p>En outre, les donn\u00e9es que vous fournissez peuvent \u00eatre trait\u00e9es, uniquement avec votre consentement explicite, afin de vous envoyer des communications \u00e0 caract\u00e8re commercial.<\/p>\n<p>Dans le premier cas, la base juridique du traitement est l&rsquo;ex\u00e9cution d&rsquo;un accord; dans le second cas, c&rsquo;est le consentement.<\/p>\n<p>Les traitements auront lieu par voie \u00e9lectronique et seront mis \u00e0 la disposition de tiers (processeurs de donn\u00e9es externes) au sein de l&rsquo;Union europ\u00e9enne, r\u00e9guli\u00e8rement contract\u00e9s par le responsable du traitement et qui offrent des garanties de s\u00e9curit\u00e9 ad\u00e9quates, n\u00e9cessaires \u00e0 la fourniture de services essentiels \u00e0 la satisfaction de vos besoins. .<\/p>\n<p>Ces responsables externes, dont la liste est disponible sur demande, peuvent appartenir \u00e0 des cat\u00e9gories de sujets qui assistent le responsable du traitement dans la fourniture des services propos\u00e9s via ce site (tels que, \u00e0 titre d&rsquo;exemple : d\u00e9veloppeurs de logiciels et gestionnaires de sites Web, exp\u00e9diteurs).<\/p>\n<p>Ils seront \u00e9galement trait\u00e9s de mani\u00e8re anonyme \u00e0 des fins d&rsquo;analyse statistique et de marketing direct, comme mieux sp\u00e9cifi\u00e9 par la politique en mati\u00e8re de cookies.<\/p>\n<p>Il s&rsquo;agit donc de traitements l\u00e9gitimes et n\u00e9cessaires pour vous assurer un service \u00e0 la hauteur de vos attentes.<\/p>\n<p>Les donn\u00e9es seront conserv\u00e9es pendant toute la dur\u00e9e des services demand\u00e9s par vous ou pendant des p\u00e9riodes plus longues uniquement si la r\u00e9glementation le pr\u00e9voit.<\/p>\n<p>\u00c0 tout moment, vous pouvez exercer les droits pr\u00e9vus aux articles 15-22 du RGPD en contactant le propri\u00e9taire de ce site.<\/p>\n<p>Modifier ou supprimer uniquement les donn\u00e9es stock\u00e9es sur les syst\u00e8mes qui fournissent ce site. Les informations que vous saisissez dans le formulaire (y compris votre adresse e-mail) pourront \u00eatre communiqu\u00e9es \u00e0 une soci\u00e9t\u00e9 tierce qui agira en tant que gestionnaire externe et qui assiste le propri\u00e9taire dans la gestion du site et dans l&rsquo;accomplissement de votre demande.<\/p>\n<p>En cas de demande de suppression de vos donn\u00e9es, nous vous informons qu&rsquo;il ne sera peut-\u00eatre plus possible de continuer \u00e0 vous fournir le service demand\u00e9.<\/p>\n<p>Enfin, nous vous informons que vous pouvez d\u00e9poser une plainte aupr\u00e8s de l&rsquo;Autorit\u00e9 de protection des donn\u00e9es, si vous pensez que vos droits ont \u00e9t\u00e9 viol\u00e9s.<\/p>\n<\/div>\n<\/div>\n<\/div>\n<\/div>\n<\/div>\n<\/div>\n<\/section>\n<\/div><\/div><div class=\"w-separator size_medium\"><\/div><\/div><\/div><\/div><\/div><\/section>\n","protected":false},"excerpt":{"rendered":"INFORMATIONS \u00c9TENDUES SUR LES COOKIES Ce site utilise des cookies, y compris de tiers, pour am\u00e9liorer l&rsquo;exp\u00e9rience de navigation et permettre \u00e0 ceux qui surfent d&rsquo;utiliser nos services en ligne et d&rsquo;afficher des publicit\u00e9s en fonction de leurs pr\u00e9f\u00e9rences. Les cookies utilis\u00e9s sur ce site appartiennent aux cat\u00e9gories d\u00e9crites ci-dessous. Que sont les cookies Les...","protected":false},"author":7,"featured_media":0,"parent":0,"menu_order":0,"comment_status":"closed","ping_status":"closed","template":"","meta":{"footnotes":""},"class_list":["post-1561","page","type-page","status-publish","hentry"],"_links":{"self":[{"href":"https:\/\/www.st2trasporti.com\/fr\/wp-json\/wp\/v2\/pages\/1561","targetHints":{"allow":["GET"]}}],"collection":[{"href":"https:\/\/www.st2trasporti.com\/fr\/wp-json\/wp\/v2\/pages"}],"about":[{"href":"https:\/\/www.st2trasporti.com\/fr\/wp-json\/wp\/v2\/types\/page"}],"author":[{"embeddable":true,"href":"https:\/\/www.st2trasporti.com\/fr\/wp-json\/wp\/v2\/users\/7"}],"replies":[{"embeddable":true,"href":"https:\/\/www.st2trasporti.com\/fr\/wp-json\/wp\/v2\/comments?post=1561"}],"version-history":[{"count":7,"href":"https:\/\/www.st2trasporti.com\/fr\/wp-json\/wp\/v2\/pages\/1561\/revisions"}],"predecessor-version":[{"id":1668,"href":"https:\/\/www.st2trasporti.com\/fr\/wp-json\/wp\/v2\/pages\/1561\/revisions\/1668"}],"wp:attachment":[{"href":"https:\/\/www.st2trasporti.com\/fr\/wp-json\/wp\/v2\/media?parent=1561"}],"curies":[{"name":"wp","href":"https:\/\/api.w.org\/{rel}","templated":true}]}}