{"id":1569,"date":"2022-04-12T16:41:17","date_gmt":"2022-04-12T14:41:17","guid":{"rendered":"https:\/\/www.st2trasporti.com\/dev\/?page_id=1569"},"modified":"2023-05-18T15:18:31","modified_gmt":"2023-05-18T13:18:31","slug":"transport","status":"publish","type":"page","link":"https:\/\/www.st2trasporti.com\/fr\/transport\/","title":{"rendered":"TRANSPORT ET EXP\u00c9DITION"},"content":{"rendered":"<section class=\"l-section wpb_row height_medium\"><div class=\"l-section-h i-cf\"><div class=\"g-cols vc_row via_grid cols_1 laptops-cols_inherit tablets-cols_inherit mobiles-cols_1 valign_top type_default stacking_default\"><div class=\"wpb_column vc_column_container\"><div class=\"vc_column-inner\"><h1 class=\"w-post-elm post_title align_center entry-title color_link_inherit\">TRANSPORT ET EXP\u00c9DITION<\/h1><\/div><\/div><\/div><\/div><\/section><section class=\"l-section wpb_row us_custom_0e1e04c8 height_huge\"><div class=\"l-section-h i-cf\"><div class=\"g-cols vc_row via_grid cols_2 laptops-cols_2 tablets-cols_1 mobiles-cols_1 valign_top type_default stacking_default\" style=\"grid-gap:0rem;\"><div class=\"wpb_column vc_column_container us_custom_9b0eea24 has_bg_color\"><div class=\"vc_column-inner\"><h3 class=\"w-text\"><span url class=\"w-text-h\"><span class=\"w-text-value\">Les transports de St2<\/span><\/span><\/h3><div class=\"wpb_text_column\"><div class=\"wpb_wrapper\"><p>Chez ST2 s.r.l., nous nous int\u00e9ressons aux exigences de nos clients, \u00e0 notre relation mutuelle avec les fournisseurs et \u00e0 la sp\u00e9cialisation concr\u00e8te et \u00e0 la coordination g\u00e9ographique des transports.<\/p>\n<p class=\"gt-block\">Ci-dessous la ligne de service \u00ab<strong>terri\u00e8re<\/strong>\u00bb, qui inclut ces produits-services.<\/p>\n<\/div><\/div><\/div><\/div><div class=\"wpb_column vc_column_container us_custom_67719a49 has_bg_color\"><div class=\"vc_column-inner\"><div class=\"w-separator us_custom_4bcdd2df size_medium\"><\/div><\/div><\/div><\/div><\/div><\/section><section class=\"l-section wpb_row height_auto\"><div class=\"l-section-h i-cf\"><div class=\"g-cols vc_row via_grid cols_1 laptops-cols_inherit tablets-cols_inherit mobiles-cols_1 valign_top type_default stacking_default\"><div class=\"wpb_column vc_column_container\"><div class=\"vc_column-inner\"><div class=\"wpb_text_column\"><div class=\"wpb_wrapper\">\n<table id=\"tablepress-4\" class=\"tablepress tablepress-id-4\">\n<thead>\n<tr class=\"row-1\">\n\t<th class=\"column-1\">Produit\/Service<\/th><th class=\"column-2\">Contenu de la prestation<\/th><th class=\"column-3\">Moyens de transport<\/th><th class=\"column-4\">Temps d'ex\u00e9cution<\/th>\n<\/tr>\n<\/thead>\n<tbody class=\"row-striping row-hover\">\n<tr class=\"row-2\">\n\t<td class=\"column-1\">Groupage<\/td><td class=\"column-2\">Transport et livraison des petite partielles en ligne<\/td><td class=\"column-3\">Camions de distribution et de ligne<\/td><td class=\"column-4\">A\/D*<\/td>\n<\/tr>\n<tr class=\"row-3\">\n\t<td class=\"column-1\">Urgences\/dedi\u00e9<\/td><td class=\"column-2\">Transport et livraison en direct et urgences<\/td><td class=\"column-3\">Camion\/Van sprinter\/Voiture<\/td><td class=\"column-4\">A s'acorder<\/td>\n<\/tr>\n<tr class=\"row-4\">\n\t<td class=\"column-1\">Charges compl\u00e8tes<\/td><td class=\"column-2\">Service de transport d'une camion compl\u00e8te <\/td><td class=\"column-3\">Camion<\/td><td class=\"column-4\">A\/D*<\/td>\n<\/tr>\n<tr class=\"row-5\">\n\t<td class=\"column-1\">Transport exceptionnel<\/td><td class=\"column-2\">Transport national et international<\/td><td class=\"column-3\"><\/td><td class=\"column-4\"><\/td>\n<\/tr>\n<\/tbody>\n<\/table>\n\n<\/div><\/div><\/div><\/div><\/div><\/div><\/section><section class=\"l-section wpb_row us_custom_0e1e04c8 height_huge\"><div class=\"l-section-h i-cf\"><div class=\"g-cols vc_row via_grid cols_2 laptops-cols_2 tablets-cols_1 mobiles-cols_1 valign_top type_default stacking_default\" style=\"grid-gap:0rem;\"><div class=\"wpb_column vc_column_container us_custom_9b0eea24 has_bg_color\"><div class=\"vc_column-inner\"><h5 class=\"w-text\"><span url class=\"w-text-h\"><span class=\"w-text-value\">Services suppl\u00e9mentaires inclus (sur demande):<\/span><\/span><\/h5><div class=\"w-separator size_small\"><\/div><div class=\"wpb_text_column\"><div class=\"wpb_wrapper\"><ul style=\"text-align: center;\">\n<li style=\"text-align: left;\">Confirmation de livraison<\/li>\n<li style=\"text-align: left;\">Collecte \u00e0 des horaires sp\u00e9ciaux ou sur rendez-vous<\/li>\n<\/ul>\n<\/div><\/div><div class=\"w-separator size_medium\"><\/div><h5 class=\"w-text\"><span url class=\"w-text-h\"><span class=\"w-text-value\">Services optionnels (payants):<\/span><\/span><\/h5><div class=\"w-separator size_small\"><\/div><div class=\"wpb_text_column\"><div class=\"wpb_wrapper\"><ul style=\"text-align: center;\">\n<li style=\"text-align: left;\">Couverture d&rsquo;assurance pour les marchandises exp\u00e9di\u00e9es<\/li>\n<\/ul>\n<\/div><\/div><\/div><\/div><div class=\"wpb_column vc_column_container us_custom_53ded9b9 has_bg_color\"><div class=\"vc_column-inner\"><div class=\"w-separator us_custom_4bcdd2df size_medium\"><\/div><\/div><\/div><\/div><\/div><\/section><section class=\"l-section wpb_row height_auto width_full\"><div class=\"l-section-h i-cf\"><div class=\"g-cols vc_row via_grid cols_1 laptops-cols_inherit tablets-cols_inherit mobiles-cols_1 valign_middle type_default stacking_default\" style=\"grid-gap:0;\"><div class=\"wpb_column vc_column_container\"><div class=\"vc_column-inner\"><div class=\"w-actionbox color_primary controls_right\"><div class=\"w-actionbox-text\"><h2 class=\"w-actionbox-title\">Besoin de plus info?<\/h2><div class=\"w-actionbox-description\"><p>n&rsquo;h\u00e9sitez pas \u00e0 nous appeler:<\/p>\n<\/div><\/div><div class=\"w-actionbox-controls\"><a class=\"w-btn us-btn-style_3 icon_atleft\" href=\"tel:+390113974811\"><i class=\"fas fa-phone\"><\/i><span class=\"w-btn-label\">+39 011 3974811<\/span><\/a><\/div><\/div><\/div><\/div><\/div><\/div><\/section>\n","protected":false},"excerpt":{"rendered":"TRANSPORT ET EXP\u00c9DITIONLes transports de St2Chez ST2 s.r.l., nous nous int\u00e9ressons aux exigences de nos clients, \u00e0 notre relation mutuelle avec les fournisseurs et \u00e0 la sp\u00e9cialisation concr\u00e8te et \u00e0 la coordination g\u00e9ographique des transports. Ci-dessous la ligne de service \u00abterri\u00e8re\u00bb, qui inclut ces produits-services. Produit\/ServiceContenu de la prestationMoyens de transportTemps d'ex\u00e9cution GroupageTransport et livraison...","protected":false},"author":7,"featured_media":0,"parent":0,"menu_order":0,"comment_status":"closed","ping_status":"closed","template":"","meta":{"footnotes":""},"class_list":["post-1569","page","type-page","status-publish","hentry"],"_links":{"self":[{"href":"https:\/\/www.st2trasporti.com\/fr\/wp-json\/wp\/v2\/pages\/1569","targetHints":{"allow":["GET"]}}],"collection":[{"href":"https:\/\/www.st2trasporti.com\/fr\/wp-json\/wp\/v2\/pages"}],"about":[{"href":"https:\/\/www.st2trasporti.com\/fr\/wp-json\/wp\/v2\/types\/page"}],"author":[{"embeddable":true,"href":"https:\/\/www.st2trasporti.com\/fr\/wp-json\/wp\/v2\/users\/7"}],"replies":[{"embeddable":true,"href":"https:\/\/www.st2trasporti.com\/fr\/wp-json\/wp\/v2\/comments?post=1569"}],"version-history":[{"count":8,"href":"https:\/\/www.st2trasporti.com\/fr\/wp-json\/wp\/v2\/pages\/1569\/revisions"}],"predecessor-version":[{"id":1576,"href":"https:\/\/www.st2trasporti.com\/fr\/wp-json\/wp\/v2\/pages\/1569\/revisions\/1576"}],"wp:attachment":[{"href":"https:\/\/www.st2trasporti.com\/fr\/wp-json\/wp\/v2\/media?parent=1569"}],"curies":[{"name":"wp","href":"https:\/\/api.w.org\/{rel}","templated":true}]}}