{"id":1579,"date":"2022-04-12T17:44:31","date_gmt":"2022-04-12T15:44:31","guid":{"rendered":"https:\/\/www.st2trasporti.com\/dev\/?page_id=1579"},"modified":"2023-05-18T15:27:30","modified_gmt":"2023-05-18T13:27:30","slug":"transport-et-expedition-de-et-vers-la-sicile-et-la-sardaigne","status":"publish","type":"page","link":"https:\/\/www.st2trasporti.com\/fr\/transport-et-expedition-de-et-vers-la-sicile-et-la-sardaigne\/","title":{"rendered":"TRANSPORT ET EXP\u00c9DITION DE ET VERS LA SICILE ET LA SARDAIGNE"},"content":{"rendered":"<section class=\"l-section wpb_row height_medium\"><div class=\"l-section-h i-cf\"><div class=\"g-cols vc_row via_grid cols_1 laptops-cols_inherit tablets-cols_inherit mobiles-cols_1 valign_top type_default stacking_default\"><div class=\"wpb_column vc_column_container\"><div class=\"vc_column-inner\"><h1 class=\"w-post-elm post_title align_center entry-title color_link_inherit\">TRANSPORT ET EXP\u00c9DITION DE ET VERS LA SICILE ET LA SARDAIGNE<\/h1><\/div><\/div><\/div><\/div><\/section><section class=\"l-section wpb_row us_custom_0e1e04c8 height_huge\"><div class=\"l-section-h i-cf\"><div class=\"g-cols vc_row via_grid cols_2 laptops-cols_2 tablets-cols_1 mobiles-cols_1 valign_top type_default stacking_default\" style=\"grid-gap:0rem;\"><div class=\"wpb_column vc_column_container us_custom_9b0eea24 has_bg_color\"><div class=\"vc_column-inner\"><h3 class=\"w-text\"><span url class=\"w-text-h\"><span class=\"w-text-value\">TRANSPORT ET EXP\u00c9DITION DE ET VERS LA SICILE ET LA SARDAIGNE<\/span><\/span><\/h3><div class=\"wpb_text_column\"><div class=\"wpb_wrapper\"><p class=\"gt-block\">ST2 s.r.l. offre une gamme large et compl\u00e8te de services de transport et de logistique sur tout le territoire de la\u00a0<strong>Sardaigne et de la Sicile.<\/strong><\/p>\n<p>Gr\u00e2ce \u00e0 notre entrep\u00f4t logistique situ\u00e9 \u00e0 l&rsquo;Interporto de Sito. Ici, les marchandises de tous les secteurs de marchandises sont livr\u00e9es, compact\u00e9es et r\u00e9exp\u00e9di\u00e9es vers les \u00eeles principales.<\/p>\n<\/div><\/div><\/div><\/div><div class=\"wpb_column vc_column_container us_custom_e90d56d3 has_bg_color\"><div class=\"vc_column-inner\"><div class=\"w-separator us_custom_4bcdd2df size_medium\"><\/div><\/div><\/div><\/div><\/div><\/section><section class=\"l-section wpb_row height_small\"><div class=\"l-section-h i-cf\"><div class=\"g-cols vc_row via_grid cols_1 laptops-cols_inherit tablets-cols_inherit mobiles-cols_1 valign_top type_default stacking_default\"><div class=\"wpb_column vc_column_container\"><div class=\"vc_column-inner\"><div class=\"wpb_text_column\"><div class=\"wpb_wrapper\"><p>Au quotidien, ST2 s.r.l. fournit des services de transport de marchandises pour les petits lots, les colis individuels en groupage et en chargement complet, en garantissant des livraisons rapides gr\u00e2ce \u00e0 ses r\u00e9seaux capillaires de Sicile et de Sardaigne. Et ce n&rsquo;est pas tout !<\/p>\n<p>Parmi nos services, nous proposons des solutions express, des livraisons avec hayon \u00e9l\u00e9vateur et des solutions pour des chargements exceptionelles.<\/p>\n<p>Nos points de collecte en Sicile et en Sardaigne sont \u00e9tablis depuis longtemps dans toute l&rsquo;Europe, y compris \u00e0 l&rsquo;Est, et ne se limitent pas aux fronti\u00e8res nationales. Notre rapidit\u00e9 de r\u00e9ponse, notre service aux quatre coins de l&rsquo;Europe, notre gentillesse et notre attention nous ont valu le respect de nos clients, en particulier des clients \u00e9trangers.<\/p>\n<p>Au-del\u00e0 de nos services, une \u00e9quipe hautement sp\u00e9cialis\u00e9e et multilingue est toujours pr\u00eate \u00e0 vous aider en vous fournissant un large \u00e9ventail d&rsquo;informations et de d\u00e9tails sur les livraisons et les m\u00e9thodes d&rsquo;exp\u00e9dition.<\/p>\n<p>Gr\u00e2ce \u00e0 une connaissance approfondie du territoire et des infrastructures, notre \u00e9quipe est sp\u00e9cialis\u00e9e dans l&rsquo;\u00e9laboration de solutions sur mesure qui r\u00e9pondent \u00e0 vos besoins en mati\u00e8re de transport.<\/p>\n<p class=\"gt-block\">Nous proposons des\u00a0<b>solutions rentables<\/b>\u00a0pour les transports entrants et sortants en Sicile et en Sardaigne, y compris entre les \u00eeles elles-m\u00eames et le reste du pays.<\/p>\n<p class=\"gt-block\"><strong>ST2 s.r.l. est sp\u00e9cialis\u00e9e dans le transport et l&rsquo;exp\u00e9dition \u00eeles vers l&rsquo;Italie et l&rsquo;Europe, ainsi que dans le sens inverse.<\/strong><\/p>\n<p class=\"gt-block\">Pour toute information ult\u00e9rieure, n&rsquo;h\u00e9sitez pas \u00e0 nous contacter au\u00a0<b>011\/3974811.<\/b>\u00a0Vous pouvez \u00e9galement nous \u00e9crire \u00e0\u00a0<strong>info@st2.it.<\/strong>\u00a0Notre personnel sera pr\u00eat \u00e0 vous aider.<\/p>\n<\/div><\/div><\/div><\/div><\/div><\/div><\/section><section class=\"l-section wpb_row height_auto width_full\"><div class=\"l-section-h i-cf\"><div class=\"g-cols vc_row via_grid cols_1 laptops-cols_inherit tablets-cols_inherit mobiles-cols_1 valign_middle type_default stacking_default\" style=\"grid-gap:0;\"><div class=\"wpb_column vc_column_container\"><div class=\"vc_column-inner\"><div class=\"w-actionbox color_primary controls_right\"><div class=\"w-actionbox-text\"><h2 class=\"w-actionbox-title\">Besoin de plus info?<\/h2><div class=\"w-actionbox-description\"><p>n&rsquo;h\u00e9sitez pas \u00e0 nous appeler:<\/p>\n<\/div><\/div><div class=\"w-actionbox-controls\"><a class=\"w-btn us-btn-style_3 icon_atleft\" href=\"tel:+390113974811\"><i class=\"fas fa-phone\"><\/i><span class=\"w-btn-label\">+39 011 3974811<\/span><\/a><\/div><\/div><\/div><\/div><\/div><\/div><\/section>\n","protected":false},"excerpt":{"rendered":"TRANSPORT ET EXP\u00c9DITION DE ET VERS LA SICILE ET LA SARDAIGNETRANSPORT ET EXP\u00c9DITION DE ET VERS LA SICILE ET LA SARDAIGNEST2 s.r.l. offre une gamme large et compl\u00e8te de services de transport et de logistique sur tout le territoire de la\u00a0Sardaigne et de la Sicile. Gr\u00e2ce \u00e0 notre entrep\u00f4t logistique situ\u00e9 \u00e0 l&rsquo;Interporto de Sito....","protected":false},"author":7,"featured_media":0,"parent":0,"menu_order":0,"comment_status":"closed","ping_status":"closed","template":"","meta":{"footnotes":""},"class_list":["post-1579","page","type-page","status-publish","hentry"],"_links":{"self":[{"href":"https:\/\/www.st2trasporti.com\/fr\/wp-json\/wp\/v2\/pages\/1579","targetHints":{"allow":["GET"]}}],"collection":[{"href":"https:\/\/www.st2trasporti.com\/fr\/wp-json\/wp\/v2\/pages"}],"about":[{"href":"https:\/\/www.st2trasporti.com\/fr\/wp-json\/wp\/v2\/types\/page"}],"author":[{"embeddable":true,"href":"https:\/\/www.st2trasporti.com\/fr\/wp-json\/wp\/v2\/users\/7"}],"replies":[{"embeddable":true,"href":"https:\/\/www.st2trasporti.com\/fr\/wp-json\/wp\/v2\/comments?post=1579"}],"version-history":[{"count":7,"href":"https:\/\/www.st2trasporti.com\/fr\/wp-json\/wp\/v2\/pages\/1579\/revisions"}],"predecessor-version":[{"id":1584,"href":"https:\/\/www.st2trasporti.com\/fr\/wp-json\/wp\/v2\/pages\/1579\/revisions\/1584"}],"wp:attachment":[{"href":"https:\/\/www.st2trasporti.com\/fr\/wp-json\/wp\/v2\/media?parent=1579"}],"curies":[{"name":"wp","href":"https:\/\/api.w.org\/{rel}","templated":true}]}}