{"id":1585,"date":"2022-04-12T17:32:50","date_gmt":"2022-04-12T15:32:50","guid":{"rendered":"https:\/\/www.st2trasporti.com\/dev\/?page_id=1585"},"modified":"2023-05-18T15:22:36","modified_gmt":"2023-05-18T13:22:36","slug":"transports-internationaux","status":"publish","type":"page","link":"https:\/\/www.st2trasporti.com\/fr\/transports-internationaux\/","title":{"rendered":"TRANSPORTS INTERNATIONAUX"},"content":{"rendered":"<section class=\"l-section wpb_row height_medium\"><div class=\"l-section-h i-cf\"><div class=\"g-cols vc_row via_grid cols_1 laptops-cols_inherit tablets-cols_inherit mobiles-cols_1 valign_top type_default stacking_default\"><div class=\"wpb_column vc_column_container\"><div class=\"vc_column-inner\"><h1 class=\"w-post-elm post_title align_center entry-title color_link_inherit\">TRANSPORTS INTERNATIONAUX<\/h1><\/div><\/div><\/div><\/div><\/section><section class=\"l-section wpb_row us_custom_0e1e04c8 height_huge\"><div class=\"l-section-h i-cf\"><div class=\"g-cols vc_row via_grid cols_2 laptops-cols_2 tablets-cols_1 mobiles-cols_1 valign_top type_default stacking_default\" style=\"grid-gap:0rem;\"><div class=\"wpb_column vc_column_container us_custom_9b0eea24 has_bg_color\"><div class=\"vc_column-inner\"><h3 class=\"w-text\"><span url class=\"w-text-h\"><span class=\"w-text-value\">SERVICES D&rsquo;IMPORTATION ET D&rsquo;EXPORTATION<\/span><\/span><\/h3><div class=\"wpb_text_column\"><div class=\"wpb_wrapper\"><p class=\"gt-block\">Depuis plusieurs ann\u00e9es, ST2 s.r.l. offre des<strong>\u00a0exp\u00e9ditions de qualit\u00e9 dans toute l&rsquo;Europe<\/strong>, en garantissant toujours des d\u00e9parts r\u00e9guliers, des livraisons rapides et pr\u00e9cises pour votre satisfaction.<\/p>\n<p>Nous exp\u00e9dions, stockons et transportons tous types de marchandises partout dans l&rsquo;Europe et ailleurs, quels que soient leur poids et leur taille.<\/p>\n<p class=\"gt-block\"><strong>Demandez votre tarif gratuit!<\/strong><\/p>\n<\/div><\/div><\/div><\/div><div class=\"wpb_column vc_column_container us_custom_519c021f has_bg_color\"><div class=\"vc_column-inner\"><div class=\"w-separator us_custom_4bcdd2df size_medium\"><\/div><\/div><\/div><\/div><\/div><\/section><section class=\"l-section wpb_row height_auto width_full\"><div class=\"l-section-h i-cf\"><div class=\"g-cols vc_row via_grid cols_1 laptops-cols_inherit tablets-cols_inherit mobiles-cols_1 valign_middle type_default stacking_default\" style=\"grid-gap:0;\"><div class=\"wpb_column vc_column_container\"><div class=\"vc_column-inner\"><div class=\"w-actionbox color_primary controls_right\"><div class=\"w-actionbox-text\"><h2 class=\"w-actionbox-title\">Besoin de plus info?<\/h2><div class=\"w-actionbox-description\"><p>n&rsquo;h\u00e9sitez pas \u00e0 nous appeler:<\/p>\n<\/div><\/div><div class=\"w-actionbox-controls\"><a class=\"w-btn us-btn-style_3 icon_atleft\" href=\"tel:+390113974811\"><i class=\"fas fa-phone\"><\/i><span class=\"w-btn-label\">+39 011 3974811<\/span><\/a><\/div><\/div><\/div><\/div><\/div><\/div><\/section>\n","protected":false},"excerpt":{"rendered":"TRANSPORTS INTERNATIONAUXSERVICES D&rsquo;IMPORTATION ET D&rsquo;EXPORTATIONDepuis plusieurs ann\u00e9es, ST2 s.r.l. offre des\u00a0exp\u00e9ditions de qualit\u00e9 dans toute l&rsquo;Europe, en garantissant toujours des d\u00e9parts r\u00e9guliers, des livraisons rapides et pr\u00e9cises pour votre satisfaction. Nous exp\u00e9dions, stockons et transportons tous types de marchandises partout dans l&rsquo;Europe et ailleurs, quels que soient leur poids et leur taille. Demandez votre tarif...","protected":false},"author":7,"featured_media":0,"parent":0,"menu_order":0,"comment_status":"closed","ping_status":"closed","template":"","meta":{"footnotes":""},"class_list":["post-1585","page","type-page","status-publish","hentry"],"_links":{"self":[{"href":"https:\/\/www.st2trasporti.com\/fr\/wp-json\/wp\/v2\/pages\/1585","targetHints":{"allow":["GET"]}}],"collection":[{"href":"https:\/\/www.st2trasporti.com\/fr\/wp-json\/wp\/v2\/pages"}],"about":[{"href":"https:\/\/www.st2trasporti.com\/fr\/wp-json\/wp\/v2\/types\/page"}],"author":[{"embeddable":true,"href":"https:\/\/www.st2trasporti.com\/fr\/wp-json\/wp\/v2\/users\/7"}],"replies":[{"embeddable":true,"href":"https:\/\/www.st2trasporti.com\/fr\/wp-json\/wp\/v2\/comments?post=1585"}],"version-history":[{"count":9,"href":"https:\/\/www.st2trasporti.com\/fr\/wp-json\/wp\/v2\/pages\/1585\/revisions"}],"predecessor-version":[{"id":1589,"href":"https:\/\/www.st2trasporti.com\/fr\/wp-json\/wp\/v2\/pages\/1585\/revisions\/1589"}],"wp:attachment":[{"href":"https:\/\/www.st2trasporti.com\/fr\/wp-json\/wp\/v2\/media?parent=1585"}],"curies":[{"name":"wp","href":"https:\/\/api.w.org\/{rel}","templated":true}]}}